{"id":703,"date":"2020-06-24T16:02:02","date_gmt":"2020-06-24T14:02:02","guid":{"rendered":"https:\/\/grawitacjapark.pl\/?page_id=703"},"modified":"2025-10-31T21:29:58","modified_gmt":"2025-10-31T20:29:58","slug":"grawitacja-cafe","status":"publish","type":"page","link":"https:\/\/grawitacjapark.pl\/?page_id=703","title":{"rendered":"Grawitacja Cafe i Pizzeria"},"content":{"rendered":"<p>[vc_row full_width=&#8221;stretch_row_content_no_spaces&#8221; el_class=&#8221;top-inne&#8221;][vc_column]\n\t\t\t<!-- START Slider cafe REVOLUTION SLIDER 6.6.20 --><p class=\"rs-p-wp-fix\"><\/p>\n\t\t\t<rs-module-wrap id=\"rev_slider_19_1_wrapper\" data-source=\"gallery\" style=\"visibility:hidden;background:#000000;padding:0;\">\n\t\t\t\t<rs-module id=\"rev_slider_19_1\" style=\"\" data-version=\"6.6.20\">\n\t\t\t\t\t<rs-slides style=\"overflow: hidden; position: absolute;\">\n\t\t\t\t\t\t<rs-slide style=\"position: absolute;\" data-key=\"rs-33\" data-title=\"Slide\" data-anim=\"ms:1000;r:0;\" data-in=\"o:0;\" data-out=\"a:false;\">\n\t\t\t\t\t\t\t<img decoding=\"async\" src=\"\/\/grawitacjapark.pl\/wp-content\/plugins\/revslider\/public\/assets\/assets\/dummy.png\" alt=\"\" title=\"cafe\" width=\"1280\" height=\"500\" class=\"rev-slidebg tp-rs-img rs-lazyload\" data-lazyload=\"\/\/grawitacjapark.pl\/wp-content\/uploads\/2020\/08\/cafe.jpg\" data-parallax=\"off\" data-no-retina>\n<!--\n\t\t\t\t\t\t\t--><rs-layer\n\t\t\t\t\t\t\t\tid=\"slider-19-slide-33-layer-0\" \n\t\t\t\t\t\t\t\tdata-type=\"text\"\n\t\t\t\t\t\t\t\tdata-tsh=\"c:#000000;h:2px;v:2px;b:2px,2px,2px,0px;\"\n\t\t\t\t\t\t\t\tdata-rsp_ch=\"on\"\n\t\t\t\t\t\t\t\tdata-xy=\"xo:80px,80px,80px,26px;y:m;yo:42px,42px,42px,139px;\"\n\t\t\t\t\t\t\t\tdata-text=\"w:normal;s:18,18,18,17;l:18,18,18,23;fw:700;\"\n\t\t\t\t\t\t\t\tdata-dim=\"w:557px,557px,557px,440px;h:auto,auto,auto,61px;\"\n\t\t\t\t\t\t\t\tdata-frame_0=\"x:-100%;\"\n\t\t\t\t\t\t\t\tdata-frame_0_mask=\"u:t;\"\n\t\t\t\t\t\t\t\tdata-frame_1=\"st:300;sp:1000;\"\n\t\t\t\t\t\t\t\tdata-frame_1_mask=\"u:t;\"\n\t\t\t\t\t\t\t\tdata-frame_999=\"o:0;st:w;\"\n\t\t\t\t\t\t\t\tstyle=\"z-index:10;font-family:'Comfortaa';\"\n\t\t\t\t\t\t\t>Aromatyczna kawa i \u015bwie\u017co wypiekana na miejscu Pizza \n\t\t\t\t\t\t\t<\/rs-layer><!--\n\n\t\t\t\t\t\t\t--><rs-layer\n\t\t\t\t\t\t\t\tid=\"slider-19-slide-33-layer-1\" \n\t\t\t\t\t\t\t\tdata-type=\"text\"\n\t\t\t\t\t\t\t\tdata-tsh=\"c:#000000;h:2px;v:2px;b:2px,2px,2px,0px;\"\n\t\t\t\t\t\t\t\tdata-rsp_ch=\"on\"\n\t\t\t\t\t\t\t\tdata-xy=\"xo:80px,80px,80px,26px;y:m;yo:-10px,-10px,-10px,75px;\"\n\t\t\t\t\t\t\t\tdata-text=\"w:normal;s:40,40,40,31;l:40,40,40,31;fw:700;\"\n\t\t\t\t\t\t\t\tdata-frame_0=\"x:100%;\"\n\t\t\t\t\t\t\t\tdata-frame_0_mask=\"u:t;\"\n\t\t\t\t\t\t\t\tdata-frame_1=\"st:300;sp:1000;\"\n\t\t\t\t\t\t\t\tdata-frame_1_mask=\"u:t;\"\n\t\t\t\t\t\t\t\tdata-frame_999=\"o:0;st:w;\"\n\t\t\t\t\t\t\t\tstyle=\"z-index:9;font-family:'Comfortaa';\"\n\t\t\t\t\t\t\t>Grawitacja Cafe i Pizzeria \n\t\t\t\t\t\t\t<\/rs-layer><!--\n\n\t\t\t\t\t\t\t--><rs-layer\n\t\t\t\t\t\t\t\tid=\"slider-19-slide-33-layer-3\" \n\t\t\t\t\t\t\t\tdata-type=\"text\"\n\t\t\t\t\t\t\t\tdata-tsh=\"c:#000000;h:2px;v:2px;b:2px,2px,2px,0px;\"\n\t\t\t\t\t\t\t\tdata-rsp_ch=\"on\"\n\t\t\t\t\t\t\t\tdata-xy=\"xo:80px,80px,80px,25px;y:m;yo:-65px,-65px,-65px,24px;\"\n\t\t\t\t\t\t\t\tdata-text=\"w:normal;s:28,28,28,26;l:42,42,42,39;fw:700;\"\n\t\t\t\t\t\t\t\tdata-dim=\"w:651px,651px,651px,322px;\"\n\t\t\t\t\t\t\t\tdata-frame_0=\"x:-100%;\"\n\t\t\t\t\t\t\t\tdata-frame_0_mask=\"u:t;\"\n\t\t\t\t\t\t\t\tdata-frame_1=\"st:300;sp:1000;\"\n\t\t\t\t\t\t\t\tdata-frame_1_mask=\"u:t;\"\n\t\t\t\t\t\t\t\tdata-frame_999=\"o:0;st:w;\"\n\t\t\t\t\t\t\t\tstyle=\"z-index:8;font-family:'Comfortaa';\"\n\t\t\t\t\t\t\t>Grawitacja Rzesz\u00f3w \n\t\t\t\t\t\t\t<\/rs-layer><!--\n\n\t\t\t\t\t\t\t--><rs-layer\n\t\t\t\t\t\t\t\tid=\"slider-19-slide-33-layer-8\" \n\t\t\t\t\t\t\t\tdata-type=\"image\"\n\t\t\t\t\t\t\t\tdata-rsp_ch=\"on\"\n\t\t\t\t\t\t\t\tdata-xy=\"xo:50px,50px,50px,14px;yo:50px,50px,50px,16px;\"\n\t\t\t\t\t\t\t\tdata-text=\"w:normal;s:20,20,20,4;l:0,0,0,6;\"\n\t\t\t\t\t\t\t\tdata-dim=\"w:240px,240px,240px,247px;h:160px,160px,160px,165px;\"\n\t\t\t\t\t\t\t\tdata-frame_1=\"e:BounceStrong;st:600;sp:1000;\"\n\t\t\t\t\t\t\t\tdata-frame_999=\"o:0;st:w;\"\n\t\t\t\t\t\t\t\tstyle=\"z-index:11;\"\n\t\t\t\t\t\t\t><img decoding=\"async\" src=\"\/\/grawitacjapark.pl\/wp-content\/plugins\/revslider\/public\/assets\/assets\/dummy.png\" alt=\"\" class=\"tp-rs-img rs-lazyload\" width=\"240\" height=\"160\" data-lazyload=\"\/\/grawitacjapark.pl\/wp-content\/uploads\/2019\/10\/logo-grawitacja-03.png\" data-no-retina> \n\t\t\t\t\t\t\t<\/rs-layer><!--\n-->\t\t\t\t\t\t<\/rs-slide>\n\t\t\t\t\t<\/rs-slides>\n\t\t\t\t<\/rs-module>\n\t\t\t\t<script>\n\t\t\t\t\tsetREVStartSize({c: 'rev_slider_19_1',rl:[1920,1920,1920,480],el:[600,600,600,720],gw:[1920,1920,1920,480],gh:[600,600,600,720],type:'standard',justify:'',layout:'fullscreen',offsetContainer:'',offset:'20%',mh:\"0\"});if (window.RS_MODULES!==undefined && window.RS_MODULES.modules!==undefined && window.RS_MODULES.modules[\"revslider191\"]!==undefined) {window.RS_MODULES.modules[\"revslider191\"].once = false;window.revapi19 = undefined;if (window.RS_MODULES.checkMinimal!==undefined) window.RS_MODULES.checkMinimal()}\n\t\t\t\t<\/script>\n\t\t\t<\/rs-module-wrap>\n\t\t\t<!-- END REVOLUTION SLIDER -->\n[\/vc_column][\/vc_row][vc_row full_width=&#8221;stretch_row_content_no_spaces&#8221; css=&#8221;.vc_custom_1576580425355{padding-right: 5% !important;padding-left: 5% !important;}&#8221;][vc_column][vc_column_text]<\/p>\n<p class=\"okruchy\"><a href=\"\/start\/\">Start<\/a> \u00a0 &gt; \u00a0 <a href=\"\/rzeszow\/\">Rzesz\u00f3w<\/a> \u00a0 &gt; \u00a0 <span class=\"kolor01\">Grawitacja Cafe<\/span><\/p>\n<p>[\/vc_column_text][vc_column_text]<\/p>\n<h3><strong>Zapraszamy na aromatyczn\u0105 kawe i \u015bwie\u017co wypiekan\u0105 na miejscu pizze<\/strong><\/h3>\n<p>Na wszystkich zg\u0142odnia\u0142ych Skoczk\u00f3w i ich Opiekun\u00f3w na antresoli czeka Grawitacja Caf\u00e9 i Pizzeria gdzie mo\u017cna odpocz\u0105\u0107, spotka\u0107 si\u0119 ze znajomymi, napi\u0107 si\u0119 aromatycznej kawy lub \u015bwie\u017cego soku owocowego, zje\u015b\u0107 pyszny deser, pe\u0142nowarto\u015bciowy gor\u0105cy lunch lup pyszn\u0105, wypiekan\u0105 na miejscu pizz\u0119 i tym samym obserwowa\u0107 z antresoli swoje pociechy podczas ich zabawy na parku.<\/p>\n<p>Wpadnij do nas i posmakuj GRAWITACJE !!!\u00a0<a href=\"https:\/\/grawitacjapark.pl\/menu\/\">ZOBACZ NASZE MENU TUTAJ<\/a>[\/vc_column_text][\/vc_column][\/vc_row][vc_section content_placement=&#8221;middle&#8221;][vc_row full_width=&#8221;stretch_row_content&#8221;][vc_column width=&#8221;1\/5&#8243;][\/vc_column][vc_column width=&#8221;1\/5&#8243;][vc_column_text]<\/p>\n<p style=\"text-align: left;\">Gofry B\u0105belkowe Menu<\/p>\n<p>[\/vc_column_text][vc_images_carousel images=&#8221;2383,2484&#8243; img_size=&#8221;medium&#8221; speed=&#8221;2000&#8243; autoplay=&#8221;yes&#8221; wrap=&#8221;yes&#8221; css_animation=&#8221;fadeIn&#8221;][\/vc_column][vc_column width=&#8221;1\/5&#8243;][vc_column_text]<\/p>\n<p style=\"text-align: left;\">Pizza W\u0142oska Menu<\/p>\n<p>[\/vc_column_text][vc_images_carousel images=&#8221;2381&#8243; img_size=&#8221;medium&#8221; speed=&#8221;2000&#8243; autoplay=&#8221;yes&#8221; wrap=&#8221;yes&#8221; css_animation=&#8221;fadeIn&#8221;][vc_images_carousel images=&#8221;3149&#8243; img_size=&#8221;medium&#8221; speed=&#8221;2000&#8243; autoplay=&#8221;yes&#8221; wrap=&#8221;yes&#8221; css_animation=&#8221;fadeIn&#8221;][\/vc_column][vc_column width=&#8221;1\/5&#8243;][vc_column_text]<\/p>\n<p style=\"text-align: left;\">Gor\u0105ce Napoje Menu<\/p>\n<p>[\/vc_column_text][vc_single_image image=&#8221;1376&#8243; img_size=&#8221;medium&#8221; style=&#8221;vc_box_circle_2&#8243; onclick=&#8221;link_image&#8221; css_animation=&#8221;fadeIn&#8221;][\/vc_column][vc_column width=&#8221;1\/5&#8243;][\/vc_column][\/vc_row][\/vc_section][vc_row][vc_column][vc_empty_space height=&#8221;100px&#8221;][\/vc_column][\/vc_row][vc_row][vc_column][vc_column_text][\/vc_column_text][\/vc_column][\/vc_row]<\/p>\n","protected":false},"excerpt":{"rendered":"<p>[vc_row full_width=&#8221;stretch_row_content_no_spaces&#8221; el_class=&#8221;top-inne&#8221;][vc_column][\/vc_column][\/vc_row][vc_row full_width=&#8221;stretch_row_content_no_spaces&#8221; css=&#8221;.vc_custom_1576580425355{padding-right: 5% !important;padding-left: 5% !important;}&#8221;][vc_column][vc_column_text] Start \u00a0 &gt; \u00a0 Rzesz\u00f3w \u00a0 &gt; \u00a0 Grawitacja Cafe [\/vc_column_text][vc_column_text] Zapraszamy na aromatyczn\u0105 kawe i \u015bwie\u017co wypiekan\u0105 na miejscu pizze Na wszystkich zg\u0142odnia\u0142ych Skoczk\u00f3w i ich Opiekun\u00f3w na antresoli czeka&hellip;<\/p>\n","protected":false},"author":2,"featured_media":0,"parent":0,"menu_order":0,"comment_status":"closed","ping_status":"closed","template":"","meta":{"footnotes":""},"acf":[],"_links":{"self":[{"href":"https:\/\/grawitacjapark.pl\/index.php?rest_route=\/wp\/v2\/pages\/703"}],"collection":[{"href":"https:\/\/grawitacjapark.pl\/index.php?rest_route=\/wp\/v2\/pages"}],"about":[{"href":"https:\/\/grawitacjapark.pl\/index.php?rest_route=\/wp\/v2\/types\/page"}],"author":[{"embeddable":true,"href":"https:\/\/grawitacjapark.pl\/index.php?rest_route=\/wp\/v2\/users\/2"}],"replies":[{"embeddable":true,"href":"https:\/\/grawitacjapark.pl\/index.php?rest_route=%2Fwp%2Fv2%2Fcomments&post=703"}],"version-history":[{"count":83,"href":"https:\/\/grawitacjapark.pl\/index.php?rest_route=\/wp\/v2\/pages\/703\/revisions"}],"predecessor-version":[{"id":3242,"href":"https:\/\/grawitacjapark.pl\/index.php?rest_route=\/wp\/v2\/pages\/703\/revisions\/3242"}],"wp:attachment":[{"href":"https:\/\/grawitacjapark.pl\/index.php?rest_route=%2Fwp%2Fv2%2Fmedia&parent=703"}],"curies":[{"name":"wp","href":"https:\/\/api.w.org\/{rel}","templated":true}]}}