{"id":689,"date":"2020-06-24T08:37:43","date_gmt":"2020-06-24T06:37:43","guid":{"rendered":"https:\/\/grawitacjapark.pl\/?page_id=689"},"modified":"2022-11-18T14:03:25","modified_gmt":"2022-11-18T13:03:25","slug":"zasady-bezpieczenstwa","status":"publish","type":"page","link":"https:\/\/grawitacjapark.pl\/?page_id=689","title":{"rendered":"Zasady Bezpiecze\u0144stwa"},"content":{"rendered":"<p>[vc_row full_width=&#8221;stretch_row_content_no_spaces&#8221; el_class=&#8221;top-inne&#8221;][vc_column]\n\t\t\t<!-- START Slider zasady bezpie REVOLUTION SLIDER 6.6.20 --><p class=\"rs-p-wp-fix\"><\/p>\n\t\t\t<rs-module-wrap id=\"rev_slider_20_1_wrapper\" data-source=\"gallery\" style=\"visibility:hidden;background:#000000;padding:0;\">\n\t\t\t\t<rs-module id=\"rev_slider_20_1\" style=\"\" data-version=\"6.6.20\">\n\t\t\t\t\t<rs-slides style=\"overflow: hidden; position: absolute;\">\n\t\t\t\t\t\t<rs-slide style=\"position: absolute;\" data-key=\"rs-35\" data-title=\"Slide\" data-anim=\"ms:1000;r:0;\" data-in=\"o:0;\" data-out=\"a:false;\">\n\t\t\t\t\t\t\t<img decoding=\"async\" src=\"\/\/grawitacjapark.pl\/wp-content\/plugins\/revslider\/public\/assets\/assets\/dummy.png\" alt=\"\" title=\"zasady bezpiecze\u0144stwa\" width=\"1264\" height=\"555\" class=\"rev-slidebg tp-rs-img rs-lazyload\" data-lazyload=\"\/\/grawitacjapark.pl\/wp-content\/uploads\/2020\/07\/zasady-bezpiecze\u0144stwa.jpg\" data-parallax=\"off\" data-no-retina>\n<!--\n\t\t\t\t\t\t\t--><rs-layer\n\t\t\t\t\t\t\t\tid=\"slider-20-slide-35-layer-0\" \n\t\t\t\t\t\t\t\tdata-type=\"text\"\n\t\t\t\t\t\t\t\tdata-tsh=\"c:#000000;h:2px,2px,2px,0px;v:2px,2px,2px,0px;b:2px,2px,2px,0px;\"\n\t\t\t\t\t\t\t\tdata-rsp_ch=\"on\"\n\t\t\t\t\t\t\t\tdata-xy=\"xo:80px,80px,80px,19px;y:m;yo:42px,42px,42px,9px;\"\n\t\t\t\t\t\t\t\tdata-text=\"w:normal;s:18,18,18,4;l:18,18,18,6;fw:700;\"\n\t\t\t\t\t\t\t\tdata-dim=\"w:557px,557px,557px,138px;\"\n\t\t\t\t\t\t\t\tdata-frame_0=\"x:-100%;\"\n\t\t\t\t\t\t\t\tdata-frame_0_mask=\"u:t;\"\n\t\t\t\t\t\t\t\tdata-frame_1=\"st:300;sp:1000;\"\n\t\t\t\t\t\t\t\tdata-frame_1_mask=\"u:t;\"\n\t\t\t\t\t\t\t\tdata-frame_999=\"o:0;st:w;\"\n\t\t\t\t\t\t\t\tstyle=\"z-index:10;font-family:'Comfortaa';\"\n\t\t\t\t\t\t\t> \n\t\t\t\t\t\t\t<\/rs-layer><!--\n\n\t\t\t\t\t\t\t--><rs-layer\n\t\t\t\t\t\t\t\tid=\"slider-20-slide-35-layer-1\" \n\t\t\t\t\t\t\t\tdata-type=\"text\"\n\t\t\t\t\t\t\t\tdata-tsh=\"c:#000000;h:2px;v:2px;b:2px;\"\n\t\t\t\t\t\t\t\tdata-rsp_ch=\"on\"\n\t\t\t\t\t\t\t\tdata-xy=\"xo:80px,80px,80px,26px;y:m;yo:-10px,-10px,-10px,75px;\"\n\t\t\t\t\t\t\t\tdata-text=\"w:normal;s:40,40,40,31;l:40,40,40,31;fw:700;\"\n\t\t\t\t\t\t\t\tdata-frame_0=\"x:100%;\"\n\t\t\t\t\t\t\t\tdata-frame_0_mask=\"u:t;\"\n\t\t\t\t\t\t\t\tdata-frame_1=\"st:300;sp:1000;\"\n\t\t\t\t\t\t\t\tdata-frame_1_mask=\"u:t;\"\n\t\t\t\t\t\t\t\tdata-frame_999=\"o:0;st:w;\"\n\t\t\t\t\t\t\t\tstyle=\"z-index:9;font-family:'Comfortaa';\"\n\t\t\t\t\t\t\t>Zasady Bezpiecze\u0144stwa \n\t\t\t\t\t\t\t<\/rs-layer><!--\n\n\t\t\t\t\t\t\t--><rs-layer\n\t\t\t\t\t\t\t\tid=\"slider-20-slide-35-layer-3\" \n\t\t\t\t\t\t\t\tdata-type=\"text\"\n\t\t\t\t\t\t\t\tdata-tsh=\"c:#000000;h:2px;v:2px;b:2px;\"\n\t\t\t\t\t\t\t\tdata-rsp_ch=\"on\"\n\t\t\t\t\t\t\t\tdata-xy=\"xo:80px,80px,80px,25px;y:m;yo:-65px,-65px,-65px,24px;\"\n\t\t\t\t\t\t\t\tdata-text=\"w:normal;s:28,28,28,26;l:42,42,42,39;fw:700;\"\n\t\t\t\t\t\t\t\tdata-dim=\"w:651px,651px,651px,322px;\"\n\t\t\t\t\t\t\t\tdata-frame_0=\"x:-100%;\"\n\t\t\t\t\t\t\t\tdata-frame_0_mask=\"u:t;\"\n\t\t\t\t\t\t\t\tdata-frame_1=\"st:300;sp:1000;\"\n\t\t\t\t\t\t\t\tdata-frame_1_mask=\"u:t;\"\n\t\t\t\t\t\t\t\tdata-frame_999=\"o:0;st:w;\"\n\t\t\t\t\t\t\t\tstyle=\"z-index:8;font-family:'Comfortaa';\"\n\t\t\t\t\t\t\t>Grawitacja Rzesz\u00f3w \n\t\t\t\t\t\t\t<\/rs-layer><!--\n\n\t\t\t\t\t\t\t--><rs-layer\n\t\t\t\t\t\t\t\tid=\"slider-20-slide-35-layer-8\" \n\t\t\t\t\t\t\t\tdata-type=\"image\"\n\t\t\t\t\t\t\t\tdata-rsp_ch=\"on\"\n\t\t\t\t\t\t\t\tdata-xy=\"xo:66px,66px,66px,14px;yo:-160px,-160px,-160px,16px;\"\n\t\t\t\t\t\t\t\tdata-text=\"w:normal;s:20,20,20,4;l:0,0,0,6;\"\n\t\t\t\t\t\t\t\tdata-dim=\"w:249px,249px,249px,248px;h:166px,166px,166px,165px;\"\n\t\t\t\t\t\t\t\tdata-frame_1=\"e:SFXBounceStrong;st:600;sp:1000;\"\n\t\t\t\t\t\t\t\tdata-frame_999=\"o:0;st:w;\"\n\t\t\t\t\t\t\t\tstyle=\"z-index:11;\"\n\t\t\t\t\t\t\t><img decoding=\"async\" src=\"\/\/grawitacjapark.pl\/wp-content\/plugins\/revslider\/public\/assets\/assets\/dummy.png\" alt=\"\" class=\"tp-rs-img rs-lazyload\" width=\"240\" height=\"160\" data-lazyload=\"\/\/grawitacjapark.pl\/wp-content\/uploads\/2019\/10\/logo-grawitacja-03.png\" data-no-retina> \n\t\t\t\t\t\t\t<\/rs-layer><!--\n-->\t\t\t\t\t\t<\/rs-slide>\n\t\t\t\t\t<\/rs-slides>\n\t\t\t\t<\/rs-module>\n\t\t\t\t<script>\n\t\t\t\t\tsetREVStartSize({c: 'rev_slider_20_1',rl:[1920,1920,1920,480],el:[450,450,450,720],gw:[1920,1920,1920,480],gh:[450,450,450,720],type:'standard',justify:'',layout:'fullscreen',offsetContainer:'',offset:'20%',mh:\"0\"});if (window.RS_MODULES!==undefined && window.RS_MODULES.modules!==undefined && window.RS_MODULES.modules[\"revslider201\"]!==undefined) {window.RS_MODULES.modules[\"revslider201\"].once = false;window.revapi20 = undefined;if (window.RS_MODULES.checkMinimal!==undefined) window.RS_MODULES.checkMinimal()}\n\t\t\t\t<\/script>\n\t\t\t<\/rs-module-wrap>\n\t\t\t<!-- END REVOLUTION SLIDER -->\n[\/vc_column][\/vc_row][vc_row full_width=&#8221;stretch_row_content_no_spaces&#8221; css=&#8221;.vc_custom_1576580425355{padding-right: 5% !important;padding-left: 5% !important;}&#8221;][vc_column][vc_column_text]<a href=\"\/start\/\">Start<\/a> \u00a0 &gt; \u00a0 <a href=\"\/rzeszow\/\">Rzesz\u00f3w<\/a> \u00a0 &gt; \u00a0 Zasady Bezpiecze\u0144stwa[\/vc_column_text][\/vc_column][\/vc_row][vc_row full_width=&#8221;stretch_row_content_no_spaces&#8221;][vc_column][vc_column_text]<\/p>\n<div class=\"text-center\">\n<h3 style=\"border-bottom: solid 2px green; display: inline-block; padding: 5px 15px; font-weight: bold;\">Zasady Bezpiecze\u0144stwa<\/h3>\n<\/div>\n<p>[\/vc_column_text][vc_column_text]<\/p>\n<h3 style=\"text-align: center;\">Obejrzyj film instrukta\u017cowy<\/h3>\n<p>[\/vc_column_text][vc_video link=&#8221;https:\/\/youtu.be\/CtT-vF8Ac-Y&#8221; el_width=&#8221;60&#8243; align=&#8221;center&#8221; css_animation=&#8221;bounceIn&#8221;][\/vc_column][\/vc_row][vc_section el_class=&#8221;h4-fff&#8221;][vc_row][vc_column width=&#8221;1\/2&#8243;][vc_column_text]<\/p>\n<h3>Jak zadba\u0107 o swoje bezpiecze\u0144stwo?<\/h3>\n<p>W Grawitacja bezpiecze\u0144stwo naszych Go\u015bci jest najwa\u017cniejsze i aby to osi\u0105gn\u0105\u0107 wa\u017cne jest zachowanie odpowiednich \u015brodk\u00f3w ostro\u017cno\u015bci, dzi\u0119ki kt\u00f3rym Wy b\u0119dziecie mogli bez obaw walczy\u0107 z grawitacj\u0105 nawet na najwi\u0119kszych trampolinach!<\/p>\n<p>Na recepcji Grawitacji odtwarzany jest film o bezpiecze\u0144stwie, dzi\u0119ki niemu dowiesz si\u0119 jak nale\u017cy korzysta\u0107 z trampolin i w jaki spos\u00f3b zadba\u0107 nie tylko o <strong>swoje bezpiecze\u0144stwo<\/strong>, ale r\u00f3wnie\u017c o\u00a0<strong>bezpiecze\u0144stwo innych<\/strong> Go\u015bci. Przez ca\u0142y czas na miejscu znajduje si\u0119\u00a0<strong>kilku trener\u00f3w Grawitacji, <\/strong>to oni odpowiedz\u0105 na wszystkie Wasze pytania, zadbaj\u0105 o Wasz\u0105 asekuracj\u0119 na parku linowym. Bezwzgl\u0119dnie stosuj si\u0119 do polece\u0144 obs\u0142ugi Grawitacji.[\/vc_column_text][\/vc_column][vc_column width=&#8221;1\/2&#8243;][vc_column_text]<\/p>\n<h3>Jak wygl\u0105da wizyta w Grawitacji?<\/h3>\n<ul class=\"ordered-list steps__ordered-list\">\n<li style=\"list-style-type: none;\">\n<ul class=\"ordered-list steps__ordered-list\">\n<li>Wej\u015bcia s\u0105 o dowolnych godzinach dla dzieci\u00a0 i doros\u0142ych (od lat 1 do 100)<\/li>\n<li>\n<p class=\"two\">Je\u015bli nie masz sko\u0144czonych 13 lat, to na miejscu musi by\u0107 obecny r\u00f3wnie\u017c Tw\u00f3j opiekun.<\/p>\n<\/li>\n<li>\n<p class=\"two\">Je\u015bli nie masz sko\u0144czonych 18 lat, to przy pierwszej wizycie musisz dostarczy\u0107 nam podpisan\u0105 zgod\u0119 rodzica. Mo\u017cna j\u0105 wype\u0142ni\u0107 on-line lub na miejscu.<\/p>\n<\/li>\n<li>\n<p class=\"two\">Obowi\u0105zkowo obejrzyj film o Zasadach Bezpiecze\u0144stwa w Grawitacji!<\/p>\n<\/li>\n<li>\n<p class=\"two\">Skarpetki antypo\u015blizgowe Grawitacja s\u0105 obowi\u0105zkowe, kt\u00f3re kupisz w recepcji.<\/p>\n<\/li>\n<\/ul>\n<\/li>\n<\/ul>\n<p>[\/vc_column_text][\/vc_column][\/vc_row][\/vc_section][vc_row][vc_column][vc_empty_space height=&#8221;100px&#8221;][\/vc_column][\/vc_row][vc_row][vc_column][vc_column_text][\/vc_column_text][\/vc_column][\/vc_row]<\/p>\n","protected":false},"excerpt":{"rendered":"<p>[vc_row full_width=&#8221;stretch_row_content_no_spaces&#8221; el_class=&#8221;top-inne&#8221;][vc_column][\/vc_column][\/vc_row][vc_row full_width=&#8221;stretch_row_content_no_spaces&#8221; css=&#8221;.vc_custom_1576580425355{padding-right: 5% !important;padding-left: 5% !important;}&#8221;][vc_column][vc_column_text]Start \u00a0 &gt; \u00a0 Rzesz\u00f3w \u00a0 &gt; \u00a0 Zasady Bezpiecze\u0144stwa[\/vc_column_text][\/vc_column][\/vc_row][vc_row full_width=&#8221;stretch_row_content_no_spaces&#8221;][vc_column][vc_column_text] Zasady Bezpiecze\u0144stwa [\/vc_column_text][vc_column_text] Obejrzyj film instrukta\u017cowy [\/vc_column_text][vc_video link=&#8221;https:\/\/youtu.be\/CtT-vF8Ac-Y&#8221; el_width=&#8221;60&#8243; align=&#8221;center&#8221; css_animation=&#8221;bounceIn&#8221;][\/vc_column][\/vc_row][vc_section el_class=&#8221;h4-fff&#8221;][vc_row][vc_column width=&#8221;1\/2&#8243;][vc_column_text] Jak zadba\u0107 o swoje bezpiecze\u0144stwo? W Grawitacja bezpiecze\u0144stwo&hellip;<\/p>\n","protected":false},"author":2,"featured_media":0,"parent":0,"menu_order":0,"comment_status":"closed","ping_status":"closed","template":"","meta":{"footnotes":""},"acf":[],"_links":{"self":[{"href":"https:\/\/grawitacjapark.pl\/index.php?rest_route=\/wp\/v2\/pages\/689"}],"collection":[{"href":"https:\/\/grawitacjapark.pl\/index.php?rest_route=\/wp\/v2\/pages"}],"about":[{"href":"https:\/\/grawitacjapark.pl\/index.php?rest_route=\/wp\/v2\/types\/page"}],"author":[{"embeddable":true,"href":"https:\/\/grawitacjapark.pl\/index.php?rest_route=\/wp\/v2\/users\/2"}],"replies":[{"embeddable":true,"href":"https:\/\/grawitacjapark.pl\/index.php?rest_route=%2Fwp%2Fv2%2Fcomments&post=689"}],"version-history":[{"count":57,"href":"https:\/\/grawitacjapark.pl\/index.php?rest_route=\/wp\/v2\/pages\/689\/revisions"}],"predecessor-version":[{"id":3143,"href":"https:\/\/grawitacjapark.pl\/index.php?rest_route=\/wp\/v2\/pages\/689\/revisions\/3143"}],"wp:attachment":[{"href":"https:\/\/grawitacjapark.pl\/index.php?rest_route=%2Fwp%2Fv2%2Fmedia&parent=689"}],"curies":[{"name":"wp","href":"https:\/\/api.w.org\/{rel}","templated":true}]}}