{"id":471,"date":"2019-12-17T15:08:56","date_gmt":"2019-12-17T14:08:56","guid":{"rendered":"https:\/\/grawitacjapark.pl\/?page_id=471"},"modified":"2020-12-22T12:25:12","modified_gmt":"2020-12-22T11:25:12","slug":"wspolpraca","status":"publish","type":"page","link":"https:\/\/grawitacjapark.pl\/?page_id=471","title":{"rendered":"Wsp\u00f3\u0142praca"},"content":{"rendered":"<p>[vc_row css_animation=&#8221;none&#8221; el_class=&#8221;top-inne&#8221;][vc_column]\n\t\t\t<!-- START Slider Wynajem Hali REVOLUTION SLIDER 6.6.20 --><p class=\"rs-p-wp-fix\"><\/p>\n\t\t\t<rs-module-wrap id=\"rev_slider_8_1_wrapper\" data-source=\"gallery\" style=\"visibility:hidden;background:#000000;padding:0;\">\n\t\t\t\t<rs-module id=\"rev_slider_8_1\" style=\"\" data-version=\"6.6.20\">\n\t\t\t\t\t<rs-slides style=\"overflow: hidden; position: absolute;\">\n\t\t\t\t\t\t<rs-slide style=\"position: absolute;\" data-key=\"rs-13\" data-title=\"Slide\" data-anim=\"ms:1000;r:0;\" data-in=\"o:0;\" data-out=\"a:false;\">\n\t\t\t\t\t\t\t<img decoding=\"async\" src=\"\/\/grawitacjapark.pl\/wp-content\/plugins\/revslider\/public\/assets\/assets\/dummy.png\" alt=\"\" title=\"top-wynajem-03\" width=\"1600\" height=\"533\" class=\"rev-slidebg tp-rs-img rs-lazyload\" data-lazyload=\"\/\/grawitacjapark.pl\/wp-content\/uploads\/2019\/12\/top-wynajem-03.jpg\" data-parallax=\"off\" data-no-retina>\n<!--\n\t\t\t\t\t\t\t--><rs-layer\n\t\t\t\t\t\t\t\tid=\"slider-8-slide-13-layer-0\" \n\t\t\t\t\t\t\t\tdata-type=\"text\"\n\t\t\t\t\t\t\t\tdata-color=\"#ffffff\"\n\t\t\t\t\t\t\t\tdata-tsh=\"c:#000000;h:2px;v:2px;b:2px;\"\n\t\t\t\t\t\t\t\tdata-rsp_ch=\"on\"\n\t\t\t\t\t\t\t\tdata-xy=\"x:90px;y:c;yo:51px;\"\n\t\t\t\t\t\t\t\tdata-text=\"w:normal;s:18;l:18;fw:700;\"\n\t\t\t\t\t\t\t\tdata-dim=\"w:786px;h:30px;\"\n\t\t\t\t\t\t\t\tdata-frame_0=\"x:-100%;\"\n\t\t\t\t\t\t\t\tdata-frame_0_mask=\"u:t;\"\n\t\t\t\t\t\t\t\tdata-frame_1=\"st:3590;sp:1000;sR:3590;\"\n\t\t\t\t\t\t\t\tdata-frame_1_mask=\"u:t;\"\n\t\t\t\t\t\t\t\tdata-frame_999=\"o:0;st:w;sR:4410;\"\n\t\t\t\t\t\t\t\tstyle=\"z-index:10;font-family:'Comfortaa';\"\n\t\t\t\t\t\t\t>Skontaktuj si\u0119 z nami ! \n\t\t\t\t\t\t\t<\/rs-layer><!--\n\n\t\t\t\t\t\t\t--><rs-layer\n\t\t\t\t\t\t\t\tid=\"slider-8-slide-13-layer-3\" \n\t\t\t\t\t\t\t\tdata-type=\"text\"\n\t\t\t\t\t\t\t\tdata-color=\"#ffffff\"\n\t\t\t\t\t\t\t\tdata-tsh=\"c:#000000;h:2px;v:2px;b:2px;\"\n\t\t\t\t\t\t\t\tdata-rsp_ch=\"on\"\n\t\t\t\t\t\t\t\tdata-xy=\"x:90px;y:c;yo:-24px;\"\n\t\t\t\t\t\t\t\tdata-text=\"w:normal;s:32;l:42;fw:700;\"\n\t\t\t\t\t\t\t\tdata-dim=\"w:993px;\"\n\t\t\t\t\t\t\t\tdata-frame_0=\"x:-100%;\"\n\t\t\t\t\t\t\t\tdata-frame_0_mask=\"u:t;\"\n\t\t\t\t\t\t\t\tdata-frame_1=\"tp:0px;e:default;st:700;sp:1000;sR:300;\"\n\t\t\t\t\t\t\t\tdata-frame_1_mask=\"u:t;\"\n\t\t\t\t\t\t\t\tdata-frame_999=\"o:0;st:w;sR:7700;\"\n\t\t\t\t\t\t\t\tstyle=\"z-index:8;font-family:'Comfortaa';\"\n\t\t\t\t\t\t\t>Posiadasz nieruchomo\u015b\u0107 na wynajem? \n\t\t\t\t\t\t\t<\/rs-layer><!--\n\n\t\t\t\t\t\t\t--><rs-layer\n\t\t\t\t\t\t\t\tid=\"slider-8-slide-13-layer-7\" \n\t\t\t\t\t\t\t\tdata-type=\"text\"\n\t\t\t\t\t\t\t\tdata-color=\"#ffffff\"\n\t\t\t\t\t\t\t\tdata-tsh=\"c:#000000;h:2px;v:2px;b:2px;\"\n\t\t\t\t\t\t\t\tdata-rsp_ch=\"on\"\n\t\t\t\t\t\t\t\tdata-xy=\"x:90px;y:c;yo:16px;\"\n\t\t\t\t\t\t\t\tdata-text=\"w:normal;s:18;l:18;fw:700;\"\n\t\t\t\t\t\t\t\tdata-dim=\"w:786px;h:21px;\"\n\t\t\t\t\t\t\t\tdata-frame_0=\"x:-100%;\"\n\t\t\t\t\t\t\t\tdata-frame_0_mask=\"u:t;\"\n\t\t\t\t\t\t\t\tdata-frame_1=\"e:default;st:1970;sp:1000;sR:1970;\"\n\t\t\t\t\t\t\t\tdata-frame_1_mask=\"u:t;\"\n\t\t\t\t\t\t\t\tdata-frame_999=\"o:0;st:w;sR:6030;\"\n\t\t\t\t\t\t\t\tstyle=\"z-index:9;font-family:'Comfortaa';\"\n\t\t\t\t\t\t\t>Super!! by\u0107 mo\u017ce takiej szukamy....  na nasz nast\u0119pny odlotowy park, wi\u0119c mo\u017cemy si\u0119 zgra\u0107. \n\t\t\t\t\t\t\t<\/rs-layer><!--\n\n\t\t\t\t\t\t\t--><rs-layer\n\t\t\t\t\t\t\t\tid=\"slider-8-slide-13-layer-10\" \n\t\t\t\t\t\t\t\tdata-type=\"image\"\n\t\t\t\t\t\t\t\tdata-rsp_ch=\"on\"\n\t\t\t\t\t\t\t\tdata-xy=\"x:66px;y:-166px;\"\n\t\t\t\t\t\t\t\tdata-text=\"w:normal;\"\n\t\t\t\t\t\t\t\tdata-dim=\"w:249px;h:166px;\"\n\t\t\t\t\t\t\t\tdata-frame_1=\"y:50px;e:SFXBounceStrong;st:600;sp:1000;\"\n\t\t\t\t\t\t\t\tdata-frame_999=\"o:0;st:w;\"\n\t\t\t\t\t\t\t\tstyle=\"z-index:12;\"\n\t\t\t\t\t\t\t><img decoding=\"async\" src=\"\/\/grawitacjapark.pl\/wp-content\/plugins\/revslider\/public\/assets\/assets\/dummy.png\" alt=\"\" class=\"tp-rs-img rs-lazyload\" width=\"1218\" height=\"812\" data-lazyload=\"\/\/grawitacjapark.pl\/wp-content\/uploads\/2019\/10\/logo-grawitacja-01.png\" data-no-retina> \n\t\t\t\t\t\t\t<\/rs-layer><!--\n-->\t\t\t\t\t\t<\/rs-slide>\n\t\t\t\t\t<\/rs-slides>\n\t\t\t\t<\/rs-module>\n\t\t\t\t<script>\n\t\t\t\t\tsetREVStartSize({c: 'rev_slider_8_1',rl:[1920,1024,778,480],el:[450],gw:[1920],gh:[450],type:'standard',justify:'',layout:'fullscreen',offsetContainer:'',offset:'30%',mh:\"0\"});if (window.RS_MODULES!==undefined && window.RS_MODULES.modules!==undefined && window.RS_MODULES.modules[\"revslider81\"]!==undefined) {window.RS_MODULES.modules[\"revslider81\"].once = false;window.revapi8 = undefined;if (window.RS_MODULES.checkMinimal!==undefined) window.RS_MODULES.checkMinimal()}\n\t\t\t\t<\/script>\n\t\t\t<\/rs-module-wrap>\n\t\t\t<!-- END REVOLUTION SLIDER -->\n[\/vc_column][\/vc_row][vc_row full_width=&#8221;stretch_row_content&#8221; css=&#8221;.vc_custom_1576591785185{padding-right: 5% !important;padding-left: 5% !important;}&#8221;][vc_column][vc_raw_html]JTIwJTNDcCUyMGNsYXNzJTNEJTIyb2tydWNoeSUyMiUzRSUzQ2ElMjBocmVmJTNEJTIyJTJGc3RhcnQlMkYlMjIlM0VTdGFydCUzQyUyRmElM0UlMjAlMjAlMjZuYnNwJTNCJTIwJTNFJTIwJTI2bmJzcCUzQiUyMCUzQ3NwYW4lMjBjbGFzcyUzRCUyMmtvbG9yMDElMjIlM0VXc3AlQzMlQjMlQzUlODJwcmFjYSUzQyUyRnNwYW4lM0UlM0MlMkZwJTNF[\/vc_raw_html][\/vc_column][\/vc_row][vc_row full_width=&#8221;stretch_row_content&#8221; css=&#8221;.vc_custom_1576590900628{padding-right: 5% !important;padding-left: 5% !important;}&#8221;][vc_column width=&#8221;7\/12&#8243; css=&#8221;.vc_custom_1576591853059{padding-right: 2% !important;}&#8221;][vc_column_text css=&#8221;.vc_custom_1595405093240{margin-bottom: 0px !important;}&#8221;]<\/p>\n<h3>Zainteresowany wsp\u00f3\u0142prac\u0105?<\/h3>\n<p>[\/vc_column_text][vc_column_text]Zach\u0119camy do kontaktu z nami <!-- z wykorzystaniem formularza kontaktowego.-->[\/vc_column_text][\/vc_column][vc_column width=&#8221;1\/3&#8243; css=&#8221;.vc_custom_1576664828181{border-left-width: 2px !important;border-left-color: #60cb00 !important;border-left-style: solid !important;}&#8221;][vc_column_text css_animation=&#8221;bounceInDown&#8221; css=&#8221;.vc_custom_1594487542992{margin-bottom: 0px !important;padding-left: 5% !important;}&#8221;]<\/p>\n<h3>Napisz do nas&#8230;<\/h3>\n<p>[\/vc_column_text][vc_column_text css_animation=&#8221;none&#8221; css=&#8221;.vc_custom_1608636143165{padding-left: 5% !important;}&#8221;][\/vc_column_text][vc_raw_html]JTNDJTIxLSUyMCU1QmNvbnRhY3QtZm9ybS03JTIwaWQlM0QlMjI1MDYlMjIlMjB0aXRsZSUzRCUyMldzcCVDMyVCMyVDNSU4MnByYWNhJTIyJTVEJTIwJTIwdXdhZ2ElMjBza29waXVqJTIwdG8lMjBpJTIwd3J6dWMlMjBkbyUyMHBvd3l6c3plZ28lMjBibG9jayUyMHRleHQlMjBmaWVsZCUyMC0tJTNF[\/vc_raw_html][\/vc_column][\/vc_row][vc_row][vc_column][vc_empty_space height=&#8221;100px&#8221;][\/vc_column][\/vc_row]<\/p>\n","protected":false},"excerpt":{"rendered":"<p>[vc_row css_animation=&#8221;none&#8221; el_class=&#8221;top-inne&#8221;][vc_column][\/vc_column][\/vc_row][vc_row full_width=&#8221;stretch_row_content&#8221; css=&#8221;.vc_custom_1576591785185{padding-right: 5% !important;padding-left: 5% !important;}&#8221;][vc_column][vc_raw_html]JTIwJTNDcCUyMGNsYXNzJTNEJTIyb2tydWNoeSUyMiUzRSUzQ2ElMjBocmVmJTNEJTIyJTJGc3RhcnQlMkYlMjIlM0VTdGFydCUzQyUyRmElM0UlMjAlMjAlMjZuYnNwJTNCJTIwJTNFJTIwJTI2bmJzcCUzQiUyMCUzQ3NwYW4lMjBjbGFzcyUzRCUyMmtvbG9yMDElMjIlM0VXc3AlQzMlQjMlQzUlODJwcmFjYSUzQyUyRnNwYW4lM0UlM0MlMkZwJTNF[\/vc_raw_html][\/vc_column][\/vc_row][vc_row full_width=&#8221;stretch_row_content&#8221; css=&#8221;.vc_custom_1576590900628{padding-right: 5% !important;padding-left: 5% !important;}&#8221;][vc_column width=&#8221;7\/12&#8243; css=&#8221;.vc_custom_1576591853059{padding-right: 2% !important;}&#8221;][vc_column_text css=&#8221;.vc_custom_1595405093240{margin-bottom: 0px !important;}&#8221;] Zainteresowany wsp\u00f3\u0142prac\u0105? [\/vc_column_text][vc_column_text]Zach\u0119camy do kontaktu z nami [\/vc_column_text][\/vc_column][vc_column width=&#8221;1\/3&#8243; css=&#8221;.vc_custom_1576664828181{border-left-width: 2px !important;border-left-color: #60cb00 !important;border-left-style: solid !important;}&#8221;][vc_column_text css_animation=&#8221;bounceInDown&#8221; css=&#8221;.vc_custom_1594487542992{margin-bottom:&hellip;<\/p>\n","protected":false},"author":2,"featured_media":0,"parent":0,"menu_order":10,"comment_status":"closed","ping_status":"closed","template":"","meta":{"footnotes":""},"acf":[],"_links":{"self":[{"href":"https:\/\/grawitacjapark.pl\/index.php?rest_route=\/wp\/v2\/pages\/471"}],"collection":[{"href":"https:\/\/grawitacjapark.pl\/index.php?rest_route=\/wp\/v2\/pages"}],"about":[{"href":"https:\/\/grawitacjapark.pl\/index.php?rest_route=\/wp\/v2\/types\/page"}],"author":[{"embeddable":true,"href":"https:\/\/grawitacjapark.pl\/index.php?rest_route=\/wp\/v2\/users\/2"}],"replies":[{"embeddable":true,"href":"https:\/\/grawitacjapark.pl\/index.php?rest_route=%2Fwp%2Fv2%2Fcomments&post=471"}],"version-history":[{"count":21,"href":"https:\/\/grawitacjapark.pl\/index.php?rest_route=\/wp\/v2\/pages\/471\/revisions"}],"predecessor-version":[{"id":1955,"href":"https:\/\/grawitacjapark.pl\/index.php?rest_route=\/wp\/v2\/pages\/471\/revisions\/1955"}],"wp:attachment":[{"href":"https:\/\/grawitacjapark.pl\/index.php?rest_route=%2Fwp%2Fv2%2Fmedia&parent=471"}],"curies":[{"name":"wp","href":"https:\/\/api.w.org\/{rel}","templated":true}]}}