{"id":361,"date":"2019-12-13T13:06:33","date_gmt":"2019-12-13T12:06:33","guid":{"rendered":"https:\/\/grawitacjapark.pl\/?page_id=361"},"modified":"2025-04-28T18:12:03","modified_gmt":"2025-04-28T16:12:03","slug":"bilety","status":"publish","type":"page","link":"https:\/\/grawitacjapark.pl\/?page_id=361","title":{"rendered":"Bilety"},"content":{"rendered":"<p>[vc_row full_width=&#8221;stretch_row&#8221; css=&#8221;.vc_custom_1596007566679{margin-top: -140px !important;}&#8221; el_class=&#8221;bgk-cover top-substrona&#8221;][vc_column el_class=&#8221;top-miasta&#8221;]\n\t\t\t<!-- START Slider 1 godzina REVOLUTION SLIDER 6.6.20 --><p class=\"rs-p-wp-fix\"><\/p>\n\t\t\t<rs-module-wrap id=\"rev_slider_29_1_wrapper\" data-source=\"gallery\" style=\"visibility:hidden;background:#000000;padding:0;\">\n\t\t\t\t<rs-module id=\"rev_slider_29_1\" style=\"\" data-version=\"6.6.20\">\n\t\t\t\t\t<rs-slides style=\"overflow: hidden; position: absolute;\">\n\t\t\t\t\t\t<rs-slide style=\"position: absolute;\" data-key=\"rs-53\" data-title=\"Slide\" data-in=\"o:0;\" data-out=\"a:false;\">\n\t\t\t\t\t\t\t<img decoding=\"async\" src=\"\/\/grawitacjapark.pl\/wp-content\/plugins\/revslider\/public\/assets\/assets\/dummy.png\" alt=\"\" title=\"Slider 1h\" width=\"1920\" height=\"640\" class=\"rev-slidebg tp-rs-img rs-lazyload\" data-lazyload=\"\/\/grawitacjapark.pl\/wp-content\/uploads\/2023\/01\/Slider-1h.jpg\" data-bg=\"f:auto;\" data-parallax=\"off\" data-no-retina>\n<!--\n\t\t\t\t\t\t\t--><rs-layer\n\t\t\t\t\t\t\t\tid=\"slider-29-slide-53-layer-0\" \n\t\t\t\t\t\t\t\tdata-type=\"text\"\n\t\t\t\t\t\t\t\tdata-tsh=\"c:#000000;h:2px;v:2px;b:2px;\"\n\t\t\t\t\t\t\t\tdata-rsp_ch=\"on\"\n\t\t\t\t\t\t\t\tdata-xy=\"xo:80px,80px,80px,26px;y:m;yo:78px;\"\n\t\t\t\t\t\t\t\tdata-text=\"w:normal;s:18,18,18,17;l:28,28,28,23;fw:700;\"\n\t\t\t\t\t\t\t\tdata-dim=\"w:775px,775px,775px,445px;h:102px,102px,102px,96px;\"\n\t\t\t\t\t\t\t\tdata-frame_0=\"x:-100%;y:0,0,0,0px;\"\n\t\t\t\t\t\t\t\tdata-frame_0_mask=\"u:t;x:0,0,0,0px;y:0,0,0,0px;\"\n\t\t\t\t\t\t\t\tdata-frame_1=\"x:0,0,0,0px;y:0,0,0,0px;st:300;sp:1000;\"\n\t\t\t\t\t\t\t\tdata-frame_1_mask=\"u:t;x:0,0,0,0px;y:0,0,0,0px;\"\n\t\t\t\t\t\t\t\tdata-frame_999=\"o:0;st:w;\"\n\t\t\t\t\t\t\t\tstyle=\"z-index:10;font-family:'Comfortaa';\"\n\t\t\t\t\t\t\t>Standardowa godzinna sesja daj\u0105ca szanse odkry\u0107 wi\u0119kszo\u015b\u0107 naszych atrakcji na Parku Trampolin lub Parku Linowym* \n\t\t\t\t\t\t\t<\/rs-layer><!--\n\n\t\t\t\t\t\t\t--><rs-layer\n\t\t\t\t\t\t\t\tid=\"slider-29-slide-53-layer-1\" \n\t\t\t\t\t\t\t\tdata-type=\"text\"\n\t\t\t\t\t\t\t\tdata-tsh=\"c:#000000;h:2px;v:2px;b:2px;\"\n\t\t\t\t\t\t\t\tdata-rsp_ch=\"on\"\n\t\t\t\t\t\t\t\tdata-xy=\"xo:80px,80px,80px,26px;y:m;yo:-10px,-10px,-10px,1px;\"\n\t\t\t\t\t\t\t\tdata-text=\"w:normal;s:40,40,40,31;l:40,40,40,31;fw:700;\"\n\t\t\t\t\t\t\t\tdata-frame_0=\"x:100%;y:0,0,0,0px;\"\n\t\t\t\t\t\t\t\tdata-frame_0_mask=\"u:t;x:0,0,0,0px;y:0,0,0,0px;\"\n\t\t\t\t\t\t\t\tdata-frame_1=\"x:0,0,0,0px;y:0,0,0,0px;st:300;sp:1000;\"\n\t\t\t\t\t\t\t\tdata-frame_1_mask=\"u:t;x:0,0,0,0px;y:0,0,0,0px;\"\n\t\t\t\t\t\t\t\tdata-frame_999=\"o:0;st:w;\"\n\t\t\t\t\t\t\t\tstyle=\"z-index:9;font-family:'Comfortaa';\"\n\t\t\t\t\t\t\t>Bilet 1-Godzinny \n\t\t\t\t\t\t\t<\/rs-layer><!--\n\n\t\t\t\t\t\t\t--><rs-layer\n\t\t\t\t\t\t\t\tid=\"slider-29-slide-53-layer-3\" \n\t\t\t\t\t\t\t\tdata-type=\"text\"\n\t\t\t\t\t\t\t\tdata-tsh=\"c:#000000;h:2px;v:2px;b:2px;\"\n\t\t\t\t\t\t\t\tdata-rsp_ch=\"on\"\n\t\t\t\t\t\t\t\tdata-xy=\"xo:80px,80px,80px,25px;y:m;yo:-65px,-65px,-65px,-50px;\"\n\t\t\t\t\t\t\t\tdata-text=\"w:normal;s:28,28,28,26;l:42,42,42,39;fw:700;\"\n\t\t\t\t\t\t\t\tdata-dim=\"w:651px,651px,651px,322px;\"\n\t\t\t\t\t\t\t\tdata-frame_0=\"x:-100%;y:0,0,0,0px;\"\n\t\t\t\t\t\t\t\tdata-frame_0_mask=\"u:t;x:0,0,0,0px;y:0,0,0,0px;\"\n\t\t\t\t\t\t\t\tdata-frame_1=\"x:0,0,0,0px;y:0,0,0,0px;st:300;sp:1000;\"\n\t\t\t\t\t\t\t\tdata-frame_1_mask=\"u:t;x:0,0,0,0px;y:0,0,0,0px;\"\n\t\t\t\t\t\t\t\tdata-frame_999=\"o:0;st:w;\"\n\t\t\t\t\t\t\t\tstyle=\"z-index:8;font-family:'Comfortaa';\"\n\t\t\t\t\t\t\t>Grawitacja Rzesz\u00f3w \n\t\t\t\t\t\t\t<\/rs-layer><!--\n\n\t\t\t\t\t\t\t--><a\n\t\t\t\t\t\t\t\tid=\"slider-29-slide-53-layer-8\" \n\t\t\t\t\t\t\t\tclass=\"rs-layer\"\n\t\t\t\t\t\t\t\thref=\"http:\/\/www.grawitacjapark.pl\" target=\"_self\" rel=\"nofollow\"\n\t\t\t\t\t\t\t\tdata-type=\"image\"\n\t\t\t\t\t\t\t\tdata-rsp_ch=\"on\"\n\t\t\t\t\t\t\t\tdata-xy=\"xo:69px,69px,69px,14px;yo:9px,9px,9px,16px;\"\n\t\t\t\t\t\t\t\tdata-text=\"w:normal;s:20,20,20,4;l:0,0,0,6;\"\n\t\t\t\t\t\t\t\tdata-dim=\"w:236px,236px,236px,247px;h:157px,157px,157px,165px;\"\n\t\t\t\t\t\t\t\tdata-frame_1=\"y:50px,50px,50px,11px;e:SFXBounceExtrem;st:1370;sp:3630;\"\n\t\t\t\t\t\t\t\tdata-frame_999=\"o:0;st:w;\"\n\t\t\t\t\t\t\t\tstyle=\"z-index:11;\"\n\t\t\t\t\t\t\t><img decoding=\"async\" src=\"\/\/grawitacjapark.pl\/wp-content\/plugins\/revslider\/public\/assets\/assets\/dummy.png\" alt=\"\" class=\"tp-rs-img rs-lazyload\" width=\"240\" height=\"160\" data-lazyload=\"\/\/grawitacjapark.pl\/wp-content\/uploads\/2019\/10\/logo-grawitacja-03.png\" data-no-retina> \n\t\t\t\t\t\t\t<\/a><!--\n-->\t\t\t\t\t\t<\/rs-slide>\n\t\t\t\t\t<\/rs-slides>\n\t\t\t\t<\/rs-module>\n\t\t\t\t<script>\n\t\t\t\t\tsetREVStartSize({c: 'rev_slider_29_1',rl:[1920,1920,1920,480],el:[640,640,640,720],gw:[1920,1920,1920,480],gh:[640,640,640,640],type:'standard',justify:'',layout:'fullscreen',offsetContainer:'',offset:'20%',mh:\"0\"});if (window.RS_MODULES!==undefined && window.RS_MODULES.modules!==undefined && window.RS_MODULES.modules[\"revslider291\"]!==undefined) {window.RS_MODULES.modules[\"revslider291\"].once = false;window.revapi29 = undefined;if (window.RS_MODULES.checkMinimal!==undefined) window.RS_MODULES.checkMinimal()}\n\t\t\t\t<\/script>\n\t\t\t<\/rs-module-wrap>\n\t\t\t<!-- END REVOLUTION SLIDER -->\n[\/vc_column][\/vc_row][vc_row full_width=&#8221;stretch_row_content&#8221; css=&#8221;.vc_custom_1576837272652{padding-right: 5% !important;padding-left: 5% !important;}&#8221;][vc_column][vc_raw_html]JTNDcCUyMGNsYXNzJTNEJTIyb2tydWNoeSUyMiUzRSUyMCUzQ2ElMjBocmVmJTNEJTIyJTJGc3RhcnQlMkYlMjIlM0VTdGFydCUzQyUyRmElM0UlMjAlMjAlMjAlMjAlMjZuYnNwJTNCJTIwJTI2Z3QlM0IlMjAlMjZuYnNwJTNCJTIwJTIwJTIwJTIwJTNDYSUyMGhyZWYlM0QlMjIlMkZyemVzem93JTJGJTIyJTNFUnplc3olQzMlQjN3JTNDJTJGYSUzRSUyMCUyMCUyMCUyMCUyNm5ic3AlM0IlMjAlMjZndCUzQiUyMCUyNm5ic3AlM0IlMjAlMjAlMjAlM0NzcGFuJTIwY2xhc3MlM0QlMjJrb2xvcjAxJTIyJTNFQmlsZXR5JTNDJTJGc3BhbiUzRSUzQyUyRnAlM0U=[\/vc_raw_html][\/vc_column][\/vc_row][vc_row][vc_column width=&#8221;1\/4&#8243;][\/vc_column][vc_column width=&#8221;1\/2&#8243;][vc_raw_html]JTNDZGl2JTIwY2xhc3MlM0QlMjJwcnp5Y2lzbml4eSUyMiUzRSUzQ2RpdiUyMGNsYXNzJTNEJTIycHJ6eWNpc25peCUyMiUyMHN0eWxlJTNEJTIyYm9yZGVyJTNBJTIwMnB4JTIwc29saWQlMjAlMjM2MGNiMDAlM0IlMjIlM0UlM0NhJTIwaHJlZiUzRCUyMmh0dHBzJTNBJTJGJTJGZnVuLnBsYW40dS5wbCUyRmdyYXdpdGFjamElMkZwYXJrJTJGYm9va0l0UFJPLmh0bWwlMjIlM0VLdXAlMjBCaWxldCUzQyUyRmElM0UlM0MlMkZkaXYlM0UlM0NkaXYlMjBjbGFzcyUzRCUyMnByenljaXNuaXglMjIlM0UlM0NhJTIwaHJlZiUzRCUyMmh0dHBzJTNBJTJGJTJGZ3Jhd2l0YWNqYXBhcmsucGwlMkYlM0ZwYWdlX2lkJTNEMjE2JTIyJTNFUG9kcGlzeiUyMFpnb2QlQzQlOTklM0MlMkZhJTNFJTNDJTJGZGl2JTNFJTNDZGl2JTIwY2xhc3MlM0QlMjJwcnp5Y2lzbml4JTIyJTNFJTNDYSUyMGhyZWYlM0QlMjJodHRwcyUzQSUyRiUyRmdyYXdpdGFjamFwYXJrLnBsJTJGJTIza29udGFrdCUyMiUzRUtvbnRha3QlM0MlMkZhJTNFJTNDJTJGZGl2JTNFJTNDJTJGZGl2JTNF[\/vc_raw_html][\/vc_column][vc_column width=&#8221;1\/4&#8243;][\/vc_column][\/vc_row][vc_row full_width=&#8221;stretch_row_content&#8221; full_height=&#8221;yes&#8221; columns_placement=&#8221;top&#8221; css=&#8221;.vc_custom_1576835031165{padding-right: 5% !important;padding-left: 5% !important;}&#8221; el_class=&#8221;box-shadow-top&#8221;][vc_column][vc_raw_html]JTNDaDMlM0VCaWxldHklM0MlMkZoMyUzRQ==[\/vc_raw_html][vc_empty_space height=&#8221;20px&#8221;][vc_raw_html]JTVCa2F0ZWdvcmlhX3RhYmVsYV9yZnglMjBrYXRlZ29yaWFfaWQlM0QlMjI0JTIyJTVE[\/vc_raw_html][vc_empty_space height=&#8221;100px&#8221;][\/vc_column][\/vc_row][vc_row full_width=&#8221;stretch_row_content&#8221; css=&#8221;.vc_custom_1576836810896{padding-right: 5% !important;padding-left: 5% !important;}&#8221;][vc_column][vc_column_text]<\/p>\n<h3 style=\"text-align: left;\">co jeszcze oferujemy&#8230;<\/h3>\n<p>[\/vc_column_text][\/vc_column][\/vc_row][vc_row full_width=&#8221;stretch_row_content&#8221;][vc_column][vc_column_text css=&#8221;.vc_custom_1575972661087{margin-bottom: 15px !important;padding-right: 3% !important;padding-left: 3% !important;}&#8221;]<\/p>\n<h3>Imprezy<\/h3>\n<p>[\/vc_column_text][\/vc_column][\/vc_row][vc_row full_width=&#8221;stretch_row_content&#8221; el_id=&#8221;karuzela2&#8243;][vc_column][vc_raw_html css=&#8221;.vc_custom_1576571754922{margin-bottom: 44px !important;}&#8221;]JTVCb2ZlcnRhX2dyaWRfcmZ4JTIwa2F0ZWdvcmlhX2lkJTNEJTIyNSUyMiU1RA==[\/vc_raw_html][vc_raw_html el_class=&#8221;zoba&#8221;]JTNDYSUyMGhyZWYlM0QlMjJodHRwcyUzQSUyRiUyRmdyYXdpdGFjamFwYXJrLnBsJTJGJTNGcGFnZV9pZCUzRDM4OSUyMiUzRSUzQ3NwYW4lMjBzdHlsZSUzRCUyMmNvbG9yJTNBJTIwJTIzZmZmJTNCJTIyJTNFem9iYWN6JTIwd3N6eXN0a2llJTNDJTJGc3BhbiUzRSUyMCUyNmd0JTNCJTNDJTJGYSUzRQ==[\/vc_raw_html][\/vc_column][\/vc_row][vc_row full_width=&#8221;stretch_row_content&#8221;][vc_column][vc_column_text css=&#8221;.vc_custom_1576567767884{margin-bottom: 15px !important;padding-right: 3% !important;padding-left: 3% !important;}&#8221;]<\/p>\n<h3>Promocje<\/h3>\n<p>[\/vc_column_text][\/vc_column][\/vc_row][vc_row full_width=&#8221;stretch_row_content&#8221; el_id=&#8221;karuzela3&#8243;][vc_column][vc_raw_html css=&#8221;.vc_custom_1576571761181{margin-bottom: 44px !important;}&#8221;]JTVCb2ZlcnRhX2dyaWRfcmZ4JTIwa2F0ZWdvcmlhX2lkJTNEJTIyNiUyMiU1RA==[\/vc_raw_html][vc_raw_html el_class=&#8221;zoba&#8221;]JTNDYSUyMGhyZWYlM0QlMjJodHRwcyUzQSUyRiUyRmdyYXdpdGFjamFwYXJrLnBsJTJGJTNGcGFnZV9pZCUzRDM5MyUyMiUzRSUzQ3NwYW4lMjBzdHlsZSUzRCUyMmNvbG9yJTNBJTIwJTIzZmZmJTNCJTIyJTNFem9iYWN6JTIwd3N6eXN0a2llJTNDJTJGc3BhbiUzRSUyMCUyNmd0JTNCJTNDJTJGYSUzRQ==[\/vc_raw_html][\/vc_column][\/vc_row][vc_row full_width=&#8221;stretch_row_content&#8221;][vc_column][vc_column_text css=&#8221;.vc_custom_1576567834804{margin-bottom: 15px !important;padding-right: 3% !important;padding-left: 3% !important;}&#8221;]<\/p>\n<h3>Zaj\u0119cia<\/h3>\n<p>[\/vc_column_text][\/vc_column][\/vc_row][vc_row full_width=&#8221;stretch_row_content&#8221; el_id=&#8221;karuzela4&#8243;][vc_column][vc_raw_html css=&#8221;.vc_custom_1576571767323{margin-bottom: 44px !important;}&#8221;]JTVCb2ZlcnRhX2dyaWRfcmZ4JTIwa2F0ZWdvcmlhX2lkJTNEJTIyMTAlMjIlNUQ=[\/vc_raw_html][vc_raw_html el_class=&#8221;zoba&#8221;]JTNDYSUyMGhyZWYlM0QlMjJodHRwcyUzQSUyRiUyRmdyYXdpdGFjamFwYXJrLnBsJTJGJTNGcGFnZV9pZCUzRDM5OCUyMiUzRSUzQ3NwYW4lMjBzdHlsZSUzRCUyMmNvbG9yJTNBJTIwJTIzZmZmJTNCJTIyJTNFem9iYWN6JTIwd3N6eXN0a2llJTNDJTJGc3BhbiUzRSUyMCUyNmd0JTNCJTNDJTJGYSUzRQ==[\/vc_raw_html][\/vc_column][\/vc_row]<\/p>\n","protected":false},"excerpt":{"rendered":"<p>[vc_row full_width=&#8221;stretch_row&#8221; css=&#8221;.vc_custom_1596007566679{margin-top: -140px !important;}&#8221; el_class=&#8221;bgk-cover top-substrona&#8221;][vc_column el_class=&#8221;top-miasta&#8221;][\/vc_column][\/vc_row][vc_row full_width=&#8221;stretch_row_content&#8221; css=&#8221;.vc_custom_1576837272652{padding-right: 5% !important;padding-left: 5% !important;}&#8221;][vc_column][vc_raw_html]JTNDcCUyMGNsYXNzJTNEJTIyb2tydWNoeSUyMiUzRSUyMCUzQ2ElMjBocmVmJTNEJTIyJTJGc3RhcnQlMkYlMjIlM0VTdGFydCUzQyUyRmElM0UlMjAlMjAlMjAlMjAlMjZuYnNwJTNCJTIwJTI2Z3QlM0IlMjAlMjZuYnNwJTNCJTIwJTIwJTIwJTIwJTNDYSUyMGhyZWYlM0QlMjIlMkZyemVzem93JTJGJTIyJTNFUnplc3olQzMlQjN3JTNDJTJGYSUzRSUyMCUyMCUyMCUyMCUyNm5ic3AlM0IlMjAlMjZndCUzQiUyMCUyNm5ic3AlM0IlMjAlMjAlMjAlM0NzcGFuJTIwY2xhc3MlM0QlMjJrb2xvcjAxJTIyJTNFQmlsZXR5JTNDJTJGc3BhbiUzRSUzQyUyRnAlM0U=[\/vc_raw_html][\/vc_column][\/vc_row][vc_row][vc_column width=&#8221;1\/4&#8243;][\/vc_column][vc_column width=&#8221;1\/2&#8243;][vc_raw_html]JTNDZGl2JTIwY2xhc3MlM0QlMjJwcnp5Y2lzbml4eSUyMiUzRSUzQ2RpdiUyMGNsYXNzJTNEJTIycHJ6eWNpc25peCUyMiUyMHN0eWxlJTNEJTIyYm9yZGVyJTNBJTIwMnB4JTIwc29saWQlMjAlMjM2MGNiMDAlM0IlMjIlM0UlM0NhJTIwaHJlZiUzRCUyMmh0dHBzJTNBJTJGJTJGZnVuLnBsYW40dS5wbCUyRmdyYXdpdGFjamElMkZwYXJrJTJGYm9va0l0UFJPLmh0bWwlMjIlM0VLdXAlMjBCaWxldCUzQyUyRmElM0UlM0MlMkZkaXYlM0UlM0NkaXYlMjBjbGFzcyUzRCUyMnByenljaXNuaXglMjIlM0UlM0NhJTIwaHJlZiUzRCUyMmh0dHBzJTNBJTJGJTJGZ3Jhd2l0YWNqYXBhcmsucGwlMkYlM0ZwYWdlX2lkJTNEMjE2JTIyJTNFUG9kcGlzeiUyMFpnb2QlQzQlOTklM0MlMkZhJTNFJTNDJTJGZGl2JTNFJTNDZGl2JTIwY2xhc3MlM0QlMjJwcnp5Y2lzbml4JTIyJTNFJTNDYSUyMGhyZWYlM0QlMjJodHRwcyUzQSUyRiUyRmdyYXdpdGFjamFwYXJrLnBsJTJGJTIza29udGFrdCUyMiUzRUtvbnRha3QlM0MlMkZhJTNFJTNDJTJGZGl2JTNFJTNDJTJGZGl2JTNF[\/vc_raw_html][\/vc_column][vc_column width=&#8221;1\/4&#8243;][\/vc_column][\/vc_row][vc_row full_width=&#8221;stretch_row_content&#8221; full_height=&#8221;yes&#8221; columns_placement=&#8221;top&#8221; css=&#8221;.vc_custom_1576835031165{padding-right: 5% !important;padding-left: 5% !important;}&#8221; el_class=&#8221;box-shadow-top&#8221;][vc_column][vc_raw_html]JTNDaDMlM0VCaWxldHklM0MlMkZoMyUzRQ==[\/vc_raw_html][vc_empty_space height=&#8221;20px&#8221;][vc_raw_html]JTVCa2F0ZWdvcmlhX3RhYmVsYV9yZnglMjBrYXRlZ29yaWFfaWQlM0QlMjI0JTIyJTVE[\/vc_raw_html][vc_empty_space height=&#8221;100px&#8221;][\/vc_column][\/vc_row][vc_row full_width=&#8221;stretch_row_content&#8221; css=&#8221;.vc_custom_1576836810896{padding-right: 5% !important;padding-left: 5% !important;}&#8221;][vc_column][vc_column_text] co jeszcze oferujemy&#8230; [\/vc_column_text][\/vc_column][\/vc_row][vc_row full_width=&#8221;stretch_row_content&#8221;][vc_column][vc_column_text css=&#8221;.vc_custom_1575972661087{margin-bottom:&hellip;<\/p>\n","protected":false},"author":2,"featured_media":0,"parent":0,"menu_order":11,"comment_status":"closed","ping_status":"closed","template":"","meta":{"footnotes":""},"acf":[],"_links":{"self":[{"href":"https:\/\/grawitacjapark.pl\/index.php?rest_route=\/wp\/v2\/pages\/361"}],"collection":[{"href":"https:\/\/grawitacjapark.pl\/index.php?rest_route=\/wp\/v2\/pages"}],"about":[{"href":"https:\/\/grawitacjapark.pl\/index.php?rest_route=\/wp\/v2\/types\/page"}],"author":[{"embeddable":true,"href":"https:\/\/grawitacjapark.pl\/index.php?rest_route=\/wp\/v2\/users\/2"}],"replies":[{"embeddable":true,"href":"https:\/\/grawitacjapark.pl\/index.php?rest_route=%2Fwp%2Fv2%2Fcomments&post=361"}],"version-history":[{"count":106,"href":"https:\/\/grawitacjapark.pl\/index.php?rest_route=\/wp\/v2\/pages\/361\/revisions"}],"predecessor-version":[{"id":3171,"href":"https:\/\/grawitacjapark.pl\/index.php?rest_route=\/wp\/v2\/pages\/361\/revisions\/3171"}],"wp:attachment":[{"href":"https:\/\/grawitacjapark.pl\/index.php?rest_route=%2Fwp%2Fv2%2Fmedia&parent=361"}],"curies":[{"name":"wp","href":"https:\/\/api.w.org\/{rel}","templated":true}]}}