{"id":3019,"date":"2024-11-15T16:54:02","date_gmt":"2024-11-15T15:54:02","guid":{"rendered":"https:\/\/grawitacjapark.pl\/?page_id=3019"},"modified":"2026-01-09T12:32:37","modified_gmt":"2026-01-09T11:32:37","slug":"rzeszow-strona-glowna-caloroczna-3","status":"publish","type":"page","link":"https:\/\/grawitacjapark.pl\/","title":{"rendered":"Rzeszow Strona g\u0142\u00f3wna &#8211; ca\u0142oroczna"},"content":{"rendered":"<p>[vc_row][vc_column el_class=&#8221;top-miasta&#8221;]\n\t\t\t<!-- START Slider Homepage REVOLUTION SLIDER 6.6.20 --><p class=\"rs-p-wp-fix\"><\/p>\n\t\t\t<rs-module-wrap id=\"rev_slider_4_1_wrapper\" data-source=\"gallery\" style=\"visibility:hidden;background:#000000;padding:0;\">\n\t\t\t\t<rs-module id=\"rev_slider_4_1\" style=\"\" data-version=\"6.6.20\">\n\t\t\t\t\t<rs-slides style=\"overflow: hidden; position: absolute;\">\n\t\t\t\t\t\t<rs-slide style=\"position: absolute;\" data-key=\"rs-5\" data-title=\"Slide\" data-in=\"o:0;\" data-out=\"a:false;\">\n\t\t\t\t\t\t\t<img decoding=\"async\" src=\"\/\/grawitacjapark.pl\/wp-content\/plugins\/revslider\/public\/assets\/assets\/dummy.png\" alt=\"\" title=\"slide-10\" width=\"1600\" height=\"375\" class=\"rev-slidebg tp-rs-img rs-lazyload\" data-lazyload=\"\/\/grawitacjapark.pl\/wp-content\/uploads\/2019\/12\/slide-10.jpg\" data-bg=\"p:center top;\" data-parallax=\"off\" data-no-retina>\n<!--\n\t\t\t\t\t\t\t--><rs-layer\n\t\t\t\t\t\t\t\tid=\"slider-4-slide-5-layer-1\" \n\t\t\t\t\t\t\t\tdata-type=\"text\"\n\t\t\t\t\t\t\t\tdata-tsh=\"c:#000000;h:2px;v:2px;b:2px;\"\n\t\t\t\t\t\t\t\tdata-rsp_ch=\"on\"\n\t\t\t\t\t\t\t\tdata-xy=\"x:c;xo:0,0,0,-10px;y:m;yo:0,0,0,50px;\"\n\t\t\t\t\t\t\t\tdata-text=\"w:normal;s:40,40,40,30;l:60,60,60,40;fw:700;a:center;\"\n\t\t\t\t\t\t\t\tdata-dim=\"w:auto,auto,auto,449px;\"\n\t\t\t\t\t\t\t\tdata-frame_0=\"x:100%;\"\n\t\t\t\t\t\t\t\tdata-frame_0_mask=\"u:t;\"\n\t\t\t\t\t\t\t\tdata-frame_1=\"st:300;sp:1000;\"\n\t\t\t\t\t\t\t\tdata-frame_1_mask=\"u:t;\"\n\t\t\t\t\t\t\t\tdata-frame_999=\"o:0;st:w;\"\n\t\t\t\t\t\t\t\tstyle=\"z-index:6;font-family:'Comfortaa';\"\n\t\t\t\t\t\t\t>Witamy w Najbardziej Odlotowym Parku Trampolin Grawitacja! \n\t\t\t\t\t\t\t<\/rs-layer><!--\n\n\t\t\t\t\t\t\t--><a\n\t\t\t\t\t\t\t\tid=\"slider-4-slide-5-layer-5\" \n\t\t\t\t\t\t\t\tclass=\"rs-layer\"\n\t\t\t\t\t\t\t\thref=\"https:\/\/grawitacjapark.pl\/\" target=\"_self\"\n\t\t\t\t\t\t\t\tdata-type=\"image\"\n\t\t\t\t\t\t\t\tdata-rsp_ch=\"on\"\n\t\t\t\t\t\t\t\tdata-xy=\"xo:69px,69px,69px,14px;yo:9px,9px,9px,16px;\"\n\t\t\t\t\t\t\t\tdata-text=\"w:normal;s:20,20,20,4;l:0,0,0,6;\"\n\t\t\t\t\t\t\t\tdata-dim=\"w:250px,250px,250px,248px;h:167px,167px,167px,165px;\"\n\t\t\t\t\t\t\t\tdata-frame_1=\"y:50px,50px,50px,11px;e:SFXBounceExtrem;st:1370;sp:3630;\"\n\t\t\t\t\t\t\t\tdata-frame_999=\"o:0;st:w;\"\n\t\t\t\t\t\t\t\tstyle=\"z-index:9;\"\n\t\t\t\t\t\t\t><img decoding=\"async\" src=\"\/\/grawitacjapark.pl\/wp-content\/plugins\/revslider\/public\/assets\/assets\/dummy.png\" alt=\"\" class=\"tp-rs-img rs-lazyload\" width=\"240\" height=\"160\" data-lazyload=\"\/\/grawitacjapark.pl\/wp-content\/uploads\/2019\/10\/logo-grawitacja-03.png\" data-no-retina> \n\t\t\t\t\t\t\t<\/a><!--\n-->\t\t\t\t\t\t<\/rs-slide>\n\t\t\t\t\t<\/rs-slides>\n\t\t\t\t\t<rs-static-layers><!--\n\t\t\t\t\t--><\/rs-static-layers>\n\t\t\t\t<\/rs-module>\n\t\t\t\t<script>\n\t\t\t\t\tsetREVStartSize({c: 'rev_slider_4_1',rl:[1920,1920,1920,480],el:[640,640,640,720],gw:[1920,1920,1920,480],gh:[640,640,640,720],type:'standard',justify:'',layout:'fullscreen',offsetContainer:'',offset:'20%',mh:\"0\"});if (window.RS_MODULES!==undefined && window.RS_MODULES.modules!==undefined && window.RS_MODULES.modules[\"revslider41\"]!==undefined) {window.RS_MODULES.modules[\"revslider41\"].once = false;window.revapi4 = undefined;if (window.RS_MODULES.checkMinimal!==undefined) window.RS_MODULES.checkMinimal()}\n\t\t\t\t<\/script>\n\t\t\t<\/rs-module-wrap>\n\t\t\t<!-- END REVOLUTION SLIDER -->\n[\/vc_column][\/vc_row][vc_row][vc_column][vc_empty_space height=&#8221;10px&#8221;][\/vc_column][\/vc_row][vc_row][vc_column width=&#8221;1\/4&#8243;][\/vc_column][vc_column width=&#8221;1\/2&#8243;][vc_raw_html css=&#8221;.vc_custom_1645186651265{margin-bottom: 15px !important;}&#8221;]JTNDZGl2JTIwY2xhc3MlM0QlMjJwcnp5Y2lzbml4eSUyMiUzRSUzQ2RpdiUyMGNsYXNzJTNEJTIycHJ6eWNpc25peCUyMiUyMHN0eWxlJTNEJTIyYm9yZGVyJTNBJTIwMnB4JTIwc29saWQlMjAlMjM2MGNiMDAlM0IlMjIlM0UlM0NhJTIwaHJlZiUzRCUyMmh0dHBzJTNBJTJGJTJGZnVuLnBsYW40dS5wbCUyRmdyYXdpdGFjamElMkZwYXJrJTJGYm9va0l0UFJPLmh0bWwlMjIlM0VLdXAlMjBCaWxldCUzQyUyRmElM0UlM0MlMkZkaXYlM0UlMEElM0MlMjEtLSUyMCUzQ2RpdiUyMGNsYXNzJTNEJTIycHJ6eWNpc25peCUyMiUzRSUzQ2ElMjBocmVmJTNEJTIyJTJGa29udGFrdCUyRiUyMiUzRUtvbnRha3QlM0MlMkZhJTNFJTNDJTJGZGl2JTNFJTNDJTJGZGl2JTNFJTIwLS0lM0UlMEElMEElM0NkaXYlMjBjbGFzcyUzRCUyMnByenljaXNuaXglMjIlM0UlM0NhJTIwaHJlZiUzRCUyMmh0dHBzJTNBJTJGJTJGZnVuLnBsYW40dS5wbCUyRmdyYXdpdGFjamElMkZwYXJrJTJGcmVqZXN0cmFjamFSb2R6aW4uaHRtbCUyMiUzRVphcmVqZXN0cnVqJTIwc2klQzQlOTklM0MlMkZhJTNFJTNDJTJGZGl2JTNFJTBBJTBBJTNDZGl2JTIwY2xhc3MlM0QlMjJwcnp5Y2lzbml4JTIyJTNFJTNDYSUyMGhyZWYlM0QlMjIlMjNrb250YWt0JTIyJTNFS29udGFrdCUzQyUyRmElM0UlM0MlMkZkaXYlM0UlM0MlMkZkaXYlM0UlMEElMEE=[\/vc_raw_html][\/vc_column][vc_column width=&#8221;1\/4&#8243;][\/vc_column][\/vc_row][vc_row full_width=&#8221;stretch_row_content&#8221;][vc_column][vc_column_text css=&#8221;.vc_custom_1581577302716{margin-bottom: 15px !important;padding-right: 3% !important;padding-left: 3% !important;}&#8221;]<\/p>\n<h3><a class=\"text-fff\" href=\"\/rzeszow\/bilety\">Bilety<\/a><\/h3>\n<p>[\/vc_column_text][\/vc_column][\/vc_row][vc_row full_width=&#8221;stretch_row_content&#8221; el_id=&#8221;karuzela1&#8243;][vc_column][vc_raw_html css=&#8221;.vc_custom_1576571749156{margin-bottom: 44px !important;}&#8221;]JTVCb2ZlcnRhX2dyaWRfcmZ4JTIwa2F0ZWdvcmlhX2lkJTNEJTIyNCUyMiU1RA==[\/vc_raw_html][vc_raw_html el_class=&#8221;zoba&#8221;]JTNDYSUyMGhyZWYlM0QlMjJodHRwcyUzQSUyRiUyRmdyYXdpdGFjamFwYXJrLnBsJTJGJTNGcGFnZV9pZCUzRDM2MSUyMiUzRSUzQ3NwYW4lMjBzdHlsZSUzRCUyMmNvbG9yJTNBJTIwJTIzZmZmJTNCJTIyJTNFem9iYWN6JTIwd3N6eXN0a2llJTNDJTJGc3BhbiUzRSUyMCUyNmd0JTNCJTNDJTJGYSUzRQ==[\/vc_raw_html][\/vc_column][\/vc_row][vc_row full_width=&#8221;stretch_row_content&#8221;][vc_column][vc_column_text css=&#8221;.vc_custom_1575972661087{margin-bottom: 15px !important;padding-right: 3% !important;padding-left: 3% !important;}&#8221;]<\/p>\n<h3>Imprezy<\/h3>\n<p>[\/vc_column_text][\/vc_column][\/vc_row][vc_row full_width=&#8221;stretch_row_content&#8221; el_id=&#8221;karuzela2&#8243;][vc_column][vc_raw_html css=&#8221;.vc_custom_1576571754922{margin-bottom: 44px !important;}&#8221;]JTVCb2ZlcnRhX2dyaWRfcmZ4JTIwa2F0ZWdvcmlhX2lkJTNEJTIyNSUyMiU1RA==[\/vc_raw_html][vc_raw_html el_class=&#8221;zoba&#8221;]JTNDYSUyMGhyZWYlM0QlMjJodHRwcyUzQSUyRiUyRmdyYXdpdGFjamFwYXJrLnBsJTJGJTNGcGFnZV9pZCUzRDM4OSUyMiUzRSUzQ3NwYW4lMjBzdHlsZSUzRCUyMmNvbG9yJTNBJTIwJTIzZmZmJTNCJTIyJTNFem9iYWN6JTIwd3N6eXN0a2llJTNDJTJGc3BhbiUzRSUyMCUyNmd0JTNCJTNDJTJGYSUzRQ==[\/vc_raw_html][\/vc_column][\/vc_row][vc_row full_width=&#8221;stretch_row_content&#8221;][vc_column][vc_column_text css=&#8221;.vc_custom_1576567767884{margin-bottom: 15px !important;padding-right: 3% !important;padding-left: 3% !important;}&#8221;]<\/p>\n<h3>Promocje<\/h3>\n<p>[\/vc_column_text][\/vc_column][\/vc_row][vc_row full_width=&#8221;stretch_row_content&#8221; el_id=&#8221;karuzela3&#8243;][vc_column][vc_raw_html css=&#8221;.vc_custom_1576571761181{margin-bottom: 44px !important;}&#8221;]JTVCb2ZlcnRhX2dyaWRfcmZ4JTIwa2F0ZWdvcmlhX2lkJTNEJTIyNiUyMiU1RA==[\/vc_raw_html][vc_raw_html el_class=&#8221;zoba&#8221;]JTNDYSUyMGhyZWYlM0QlMjJodHRwcyUzQSUyRiUyRmdyYXdpdGFjamFwYXJrLnBsJTJGJTNGcGFnZV9pZCUzRDM5MyUyMiUzRSUzQ3NwYW4lMjBzdHlsZSUzRCUyMmNvbG9yJTNBJTIwJTIzZmZmJTNCJTIyJTNFem9iYWN6JTIwd3N6eXN0a2llJTNDJTJGc3BhbiUzRSUyMCUyNmd0JTNCJTNDJTJGYSUzRQ==[\/vc_raw_html][\/vc_column][\/vc_row][vc_row full_width=&#8221;stretch_row_content&#8221;][vc_column][vc_column_text css=&#8221;.vc_custom_1677943479905{margin-bottom: 15px !important;padding-right: 3% !important;padding-left: 3% !important;}&#8221;]<\/p>\n<h3>Zaj\u0119cia i inne<\/h3>\n<p>[\/vc_column_text][\/vc_column][\/vc_row][vc_row full_width=&#8221;stretch_row_content&#8221; el_id=&#8221;karuzela4&#8243;][vc_column][vc_raw_html css=&#8221;.vc_custom_1576571767323{margin-bottom: 44px !important;}&#8221;]JTVCb2ZlcnRhX2dyaWRfcmZ4JTIwa2F0ZWdvcmlhX2lkJTNEJTIyMTAlMjIlNUQ=[\/vc_raw_html][vc_raw_html el_class=&#8221;zoba&#8221;]JTNDYSUyMGhyZWYlM0QlMjJodHRwcyUzQSUyRiUyRmdyYXdpdGFjamFwYXJrLnBsJTJGJTNGcGFnZV9pZCUzRDM5OCUyMiUzRSUzQ3NwYW4lMjBzdHlsZSUzRCUyMmNvbG9yJTNBJTIwJTIzZmZmJTNCJTIyJTNFem9iYWN6JTIwd3N6eXN0a2llJTNDJTJGc3BhbiUzRSUyMCUyNmd0JTNCJTNDJTJGYSUzRQ==[\/vc_raw_html][\/vc_column][\/vc_row][vc_row full_width=&#8221;stretch_row_content&#8221;][vc_column][vc_column_text css=&#8221;.vc_custom_1595577364871{margin-bottom: 15px !important;padding-right: 3% !important;padding-left: 3% !important;}&#8221;]<\/p>\n<h3>Nasze atrakcje<\/h3>\n<p>[\/vc_column_text][\/vc_column][\/vc_row][vc_row][vc_column]<div id=\"ult-carousel-242536879069f29ff9d10e2\" class=\"ult-carousel-wrapper   ult_horizontal\" data-gutter=\"15\" data-rtl=\"false\" ><div class=\"ult-carousel-407133125669f29ff9d1016 \" >[vc_raw_html]JTNDZGl2JTIwY2xhc3MlM0QlMjJwYXJrLWxpbm93eSUyMiUzRSUwQSUzQ2ElMjBzdHlsZSUzRCUyMmJhY2tncm91bmQlM0F1cmwlMjglMkZ3cC1jb250ZW50JTJGdXBsb2FkcyUyRjIwMjAlMkYwOCUyRnBhcmstbGlub3d5LTAyLmpwZyUyOSUzQiUyMiUyMGhyZWYlM0QlMjIlMkZvZmVydGElMkZhdHJha2NqYS00JTJGJTIyJTIwdGFyZ2V0JTNEJTIyX2JsYW5rJTIyJTNFJTBBJTNDaDQlM0VQYXJrJTIwTGlub3d5JTNDJTJGaDQlM0UlMEElM0MlMkZhJTNFJTBBJTNDJTJGZGl2JTNF[\/vc_raw_html][vc_single_image image=&#8221;1646&#8243; img_size=&#8221;large&#8221; onclick=&#8221;link_image&#8221;][vc_single_image image=&#8221;1769&#8243; img_size=&#8221;large&#8221; onclick=&#8221;link_image&#8221;][vc_single_image image=&#8221;1770&#8243; img_size=&#8221;large&#8221; onclick=&#8221;link_image&#8221;][vc_single_image image=&#8221;1768&#8243; img_size=&#8221;large&#8221; onclick=&#8221;link_image&#8221;][vc_single_image image=&#8221;1662&#8243; img_size=&#8221;large&#8221; onclick=&#8221;link_image&#8221;][vc_single_image image=&#8221;1660&#8243; img_size=&#8221;large&#8221; onclick=&#8221;link_image&#8221;][vc_single_image image=&#8221;1658&#8243; img_size=&#8221;large&#8221; onclick=&#8221;link_image&#8221;][vc_single_image image=&#8221;1655&#8243; img_size=&#8221;large&#8221; onclick=&#8221;link_image&#8221;][vc_single_image image=&#8221;1652&#8243; img_size=&#8221;large&#8221; onclick=&#8221;link_image&#8221;][vc_single_image image=&#8221;1654&#8243; img_size=&#8221;large&#8221; onclick=&#8221;link_image&#8221;][vc_single_image image=&#8221;1666&#8243; img_size=&#8221;large&#8221; onclick=&#8221;link_image&#8221;][vc_single_image image=&#8221;1659&#8243; img_size=&#8221;large&#8221; onclick=&#8221;link_image&#8221;]<\/div><\/div>\t\t\t<script type=\"text\/javascript\">\r\n\t\t\t\tjQuery(document).ready(function ($) {\r\n\t\t\t\t\tif( typeof jQuery('.ult-carousel-407133125669f29ff9d1016').slick == \"function\"){\r\n\t\t\t\t\t\t$('.ult-carousel-407133125669f29ff9d1016').slick({dots: false,autoplay: true,autoplaySpeed: 5000,speed: 300,infinite: false,arrows: true,nextArrow: '<button type=\"button\" role=\"button\" aria-label=\"Next\" style=\"color:rgba(51,51,51,0.01); font-size:10px;\" class=\"slick-next default\"><i class=\"ultsl-arrow-right4\"><\/i><\/button>',prevArrow: '<button type=\"button\" role=\"button\" aria-label=\"Previous\" style=\"color:rgba(51,51,51,0.01); font-size:10px;\" class=\"slick-prev default\"><i class=\"ultsl-arrow-left4\"><\/i><\/button>',slidesToScroll:1,slidesToShow:5,swipe: true,draggable: true,touchMove: true,pauseOnHover: true,pauseOnFocus: false,responsive: [\r\n\t\t\t\t\t\t\t{\r\n\t\t\t\t\t\t\t  breakpoint: 1026,\r\n\t\t\t\t\t\t\t  settings: {\r\n\t\t\t\t\t\t\t\tslidesToShow: 5,\r\n\t\t\t\t\t\t\t\tslidesToScroll: 1,  \r\n\t\t\t\t\t\t\t  }\r\n\t\t\t\t\t\t\t},\r\n\t\t\t\t\t\t\t{\r\n\t\t\t\t\t\t\t  breakpoint: 1025,\r\n\t\t\t\t\t\t\t  settings: {\r\n\t\t\t\t\t\t\t\tslidesToShow: 2,\r\n\t\t\t\t\t\t\t\tslidesToScroll: 1\r\n\t\t\t\t\t\t\t  }\r\n\t\t\t\t\t\t\t},\r\n\t\t\t\t\t\t\t{\r\n\t\t\t\t\t\t\t  breakpoint: 760,\r\n\t\t\t\t\t\t\t  settings: {\r\n\t\t\t\t\t\t\t\tslidesToShow: 1,\r\n\t\t\t\t\t\t\t\tslidesToScroll: 1\r\n\t\t\t\t\t\t\t  }\r\n\t\t\t\t\t\t\t}\r\n\t\t\t\t\t\t],pauseOnDotsHover: true,customPaging: function(slider, i) {\r\n                   return '<i type=\"button\" style= \"color:#333333;\" class=\"ultsl-record\" data-role=\"none\"><\/i>';\r\n                },});\r\n\t\t\t\t\t}\r\n\t\t\t\t});\r\n\t\t\t<\/script>\r\n\t\t\t[vc_empty_space height=&#8221;50px&#8221;][\/vc_column][\/vc_row][vc_row full_width=&#8221;stretch_row_content&#8221;][vc_column][vc_column_text css=&#8221;.vc_custom_1613848694036{padding-right: 3% !important;padding-left: 3% !important;}&#8221;]<\/p>\n<h3>Witamy w Grawitacja<\/h3>\n<h5>Najbardziej odlotowy Park Trampolin i Park Linowy w Rzeszowie.<\/h5>\n<h5>Zapraszamy 7 dni w tygodniu wszystkich w wieku od 1 roku do 100 lat.<\/h5>\n<p>[\/vc_column_text][\/vc_column][\/vc_row][vc_row full_width=&#8221;stretch_row_content&#8221;][vc_column][vc_column_text css=&#8221;.vc_custom_1575974282398{margin-bottom: 0px !important;padding-right: 3% !important;padding-left: 3% !important;}&#8221;]<\/p>\n<h3>Nasze Atrakcje<\/h3>\n<p>[\/vc_column_text][\/vc_column][\/vc_row][vc_row full_width=&#8221;stretch_row_content&#8221;][vc_column width=&#8221;1\/2&#8243;][vc_column_text css=&#8221;.vc_custom_1745855866085{margin-bottom: -10px !important;padding-right: 6% !important;padding-left: 6% !important;}&#8221;]<\/p>\n<ul>\n<li>40 trampolin standardowych dla ka\u017cdego<\/li>\n<li>17 trampolin wyczynowych dla Freestyler-\u00f3w<\/li>\n<li>Strefa Mini Ninja + Mega klocki &#8211; trampoliny dla najm\u0142odszych skoczk\u00f3w od 1-5 lat<\/li>\n<li>2 \u015bcianki wspinaczkowe dla dzieci i doros\u0142ych<\/li>\n<li>\u015acie\u017cka akrobatyczna &#8211; Trampolina 15m<\/li>\n<li>Park Linowy &#8211; 30 przeszk\u00f3d &#8211; najnowocze\u015bniejszy system asekuracji ci\u0105g\u0142ej (bez mo\u017cliwo\u015bci wypi\u0119cia si\u0119!)<\/li>\n<\/ul>\n<p>[\/vc_column_text][\/vc_column][vc_column width=&#8221;1\/2&#8243;][vc_column_text css=&#8221;.vc_custom_1600939968260{margin-bottom: 10px !important;padding-right: 6% !important;padding-left: 6% !important;}&#8221;]<\/p>\n<ul>\n<li>basen pi\u0142ek dla maluch\u00f3w<\/li>\n<li>basen g\u0105bek dla starszych<\/li>\n<li>tor 6 przeszk\u00f3d Ninja z basenem pi\u0142ek<\/li>\n<li>50m Tyrolka<\/li>\n<li>strefa gladiatora &#8211; walka na miecze<\/li>\n<li>kosz do koszyk\u00f3wki<\/li>\n<li>wie\u017ce i rampy do skakania w basen g\u0105bek<\/li>\n<\/ul>\n<p>[\/vc_column_text][\/vc_column][\/vc_row][vc_row full_width=&#8221;stretch_row_content&#8221;][vc_column][vc_empty_space height=&#8221;60px&#8221;][vc_column_text css=&#8221;.vc_custom_1616671175132{padding-right: 3% !important;padding-left: 3% !important;}&#8221;]<\/p>\n<h3>Pizza &amp; Cafe<\/h3>\n<p>Dla odpoczywaj\u0105cych wygodna widownia z cafe, pizzeri\u0105 i free WiFi[\/vc_column_text][vc_empty_space height=&#8221;60px&#8221;][\/vc_column][\/vc_row][vc_row full_width=&#8221;stretch_row_content&#8221;][vc_column width=&#8221;1\/6&#8243;][\/vc_column][vc_column width=&#8221;2\/3&#8243;]\r\n<!--Image Box Start-->\r\n<div class=\"zolo_imagebox_new_swing new_imagebox_style1\"><div class=\"zolo_imagebox_new_wrapper zolo_imagebox_new_35148377469f29ff9d112a new_imagebox_style1 animated hiding\" data-animation =\"pulse\" data-delay =\"500\" data-id =\"zolo_imagebox_new_35148377469f29ff9d112a\">\r\n    <a title=\"\" href=\"https:\/\/grawitacjapark.pl\/menu\/\" target=\"_blank\" rel=\"\">\r\n    <div class=\"zolo_imagebox_new_box\">\r\n        <div class=\"img_thumbnail\"><img decoding=\"async\" src=\"https:\/\/grawitacjapark.pl\/wp-content\/uploads\/2020\/08\/cafe.jpg\"\/><\/div>\r\n        <div class=\"zolo_imagebox_new_content\">\r\n            <div class=\"zolo_imagebox_new_title_des\">\r\n        <h2 class=\"entry-title zolo_imagebox_new_title\" style=\"color:#ffffff; \">        Pizza &amp; Cafe <\/h2>                              <\/div>\r\n    <\/div>\r\n          <\/div>\r\n    <\/a>\r\n  <\/div>\r\n<\/div><!--Image Box End-->\r\n\r\n[\/vc_column][vc_column width=&#8221;1\/6&#8243;][\/vc_column][\/vc_row][vc_row][vc_column][vc_empty_space height=&#8221;60px&#8221;][vc_raw_html]JTNDZGl2JTIwY2xhc3MlM0QlMjJzdGFydC1rbG9jZWslMjB0ZXh0LWNlbnRlciUyMiUyMHN0eWxlJTNEJTIyYmFja2dyb3VuZC1pbWFnZSUzQXVybCUyOCUyRndwLWNvbnRlbnQlMkZ1cGxvYWRzJTJGMjAyMCUyRjA3JTJGemRqJUM0JTk5Y2llLW5hLXN0YXJ0X0Vhc3ktUmVzaXplLmNvbS0xLmpwZyUyOSUyMiUzRSUwQSUzQ3AlM0VXeWolQzQlODV0a293ZSUyMHVyb2R6aW55JTIwZGxhJTIwVHdvamVqJTIwUG9jaWVjaHklM0NiciUzRSUwQSUzQ2ElMjBjbGFzcyUzRCUyMmtsaWthY3owMyUyMHBlbiUyMiUyMGhyZWYlM0QlMjJodHRwcyUzQSUyRiUyRmZ1bi5wbGFuNHUucGwlMkZncmF3aXRhY2phJTJGcGFyayUyRmJvb2tJdFBSTy5odG1sJTIzJTJGb2slMjN0b3BJRCUyMiUzRUtVUCUyMEJJTEVUJTNDJTJGYSUzRSUyMCUwQSUzQyUyRnAlM0UlMEElM0MlMkZkaXYlM0U=[\/vc_raw_html][vc_column_text]<\/p>\n<h3 style=\"text-align: center;\">Akceptujemy<\/h3>\n<p>[\/vc_column_text][vc_row_inner][vc_column_inner width=&#8221;1\/4&#8243;][vc_single_image image=&#8221;2237&#8243; img_size=&#8221;medium&#8221; alignment=&#8221;center&#8221; style=&#8221;vc_box_rounded&#8221;][\/vc_column_inner][vc_column_inner width=&#8221;1\/4&#8243;][vc_single_image image=&#8221;2991&#8243; img_size=&#8221;medium&#8221; alignment=&#8221;center&#8221; style=&#8221;vc_box_rounded&#8221;][\/vc_column_inner][vc_column_inner width=&#8221;1\/4&#8243;][vc_single_image image=&#8221;2300&#8243; img_size=&#8221;medium&#8221; alignment=&#8221;center&#8221; style=&#8221;vc_box_rounded&#8221;][\/vc_column_inner][vc_column_inner width=&#8221;1\/4&#8243;][vc_single_image image=&#8221;3094&#8243; img_size=&#8221;medium&#8221; alignment=&#8221;center&#8221; style=&#8221;vc_box_rounded&#8221;][\/vc_column_inner][\/vc_row_inner][vc_row_inner][vc_column_inner][vc_empty_space height=&#8221;60px&#8221;][vc_column_text]<\/p>\n<h3 style=\"text-align: center;\">Opinie naszych klient\u00f3w<\/h3>\n<p>[\/vc_column_text][apress_testimonial_carousel testimonialbox_bg_color=&#8221;rgba(142,142,142,0.01)&#8221; testimonialbox_border_color=&#8221;rgba(0,0,0,0.01)&#8221; box_top_padding=&#8221;80&#8243; data_animation=&#8221;pulse&#8221; carousel_loop=&#8221;yes&#8221; carousel_autoplay=&#8221;yes&#8221; client_font_options=&#8221;font_size:18|color:%2381d742|font_style_bold:1&#8243; designation_font_options=&#8221;color:%23ffffff&#8221; description_font_options=&#8221;color:%23ffffff&#8221; el_class=&#8221;testimonial-slider&#8221;][vc_empty_space height=&#8221;80px&#8221;][\/vc_column_inner][\/vc_row_inner][vc_row_inner][vc_column_inner][\/vc_column_inner][\/vc_row_inner][\/vc_column][\/vc_row][vc_row][vc_column][vc_empty_space height=&#8221;80px&#8221;][\/vc_column][\/vc_row]<\/p>\n","protected":false},"excerpt":{"rendered":"<p>[vc_row][vc_column el_class=&#8221;top-miasta&#8221;][\/vc_column][\/vc_row][vc_row][vc_column][vc_empty_space height=&#8221;10px&#8221;][\/vc_column][\/vc_row][vc_row][vc_column width=&#8221;1\/4&#8243;][\/vc_column][vc_column width=&#8221;1\/2&#8243;][vc_raw_html css=&#8221;.vc_custom_1645186651265{margin-bottom: 15px !important;}&#8221;]JTNDZGl2JTIwY2xhc3MlM0QlMjJwcnp5Y2lzbml4eSUyMiUzRSUzQ2RpdiUyMGNsYXNzJTNEJTIycHJ6eWNpc25peCUyMiUyMHN0eWxlJTNEJTIyYm9yZGVyJTNBJTIwMnB4JTIwc29saWQlMjAlMjM2MGNiMDAlM0IlMjIlM0UlM0NhJTIwaHJlZiUzRCUyMmh0dHBzJTNBJTJGJTJGZnVuLnBsYW40dS5wbCUyRmdyYXdpdGFjamElMkZwYXJrJTJGYm9va0l0UFJPLmh0bWwlMjIlM0VLdXAlMjBCaWxldCUzQyUyRmElM0UlM0MlMkZkaXYlM0UlMEElM0MlMjEtLSUyMCUzQ2RpdiUyMGNsYXNzJTNEJTIycHJ6eWNpc25peCUyMiUzRSUzQ2ElMjBocmVmJTNEJTIyJTJGa29udGFrdCUyRiUyMiUzRUtvbnRha3QlM0MlMkZhJTNFJTNDJTJGZGl2JTNFJTNDJTJGZGl2JTNFJTIwLS0lM0UlMEElMEElM0NkaXYlMjBjbGFzcyUzRCUyMnByenljaXNuaXglMjIlM0UlM0NhJTIwaHJlZiUzRCUyMmh0dHBzJTNBJTJGJTJGZnVuLnBsYW40dS5wbCUyRmdyYXdpdGFjamElMkZwYXJrJTJGcmVqZXN0cmFjamFSb2R6aW4uaHRtbCUyMiUzRVphcmVqZXN0cnVqJTIwc2klQzQlOTklM0MlMkZhJTNFJTNDJTJGZGl2JTNFJTBBJTBBJTNDZGl2JTIwY2xhc3MlM0QlMjJwcnp5Y2lzbml4JTIyJTNFJTNDYSUyMGhyZWYlM0QlMjIlMjNrb250YWt0JTIyJTNFS29udGFrdCUzQyUyRmElM0UlM0MlMkZkaXYlM0UlM0MlMkZkaXYlM0UlMEElMEE=[\/vc_raw_html][\/vc_column][vc_column width=&#8221;1\/4&#8243;][\/vc_column][\/vc_row][vc_row full_width=&#8221;stretch_row_content&#8221;][vc_column][vc_column_text css=&#8221;.vc_custom_1581577302716{margin-bottom: 15px !important;padding-right: 3% !important;padding-left: 3% !important;}&#8221;] Bilety [\/vc_column_text][\/vc_column][\/vc_row][vc_row full_width=&#8221;stretch_row_content&#8221; el_id=&#8221;karuzela1&#8243;][vc_column][vc_raw_html css=&#8221;.vc_custom_1576571749156{margin-bottom: 44px !important;}&#8221;]JTVCb2ZlcnRhX2dyaWRfcmZ4JTIwa2F0ZWdvcmlhX2lkJTNEJTIyNCUyMiU1RA==[\/vc_raw_html][vc_raw_html el_class=&#8221;zoba&#8221;]JTNDYSUyMGhyZWYlM0QlMjJodHRwcyUzQSUyRiUyRmdyYXdpdGFjamFwYXJrLnBsJTJGJTNGcGFnZV9pZCUzRDM2MSUyMiUzRSUzQ3NwYW4lMjBzdHlsZSUzRCUyMmNvbG9yJTNBJTIwJTIzZmZmJTNCJTIyJTNFem9iYWN6JTIwd3N6eXN0a2llJTNDJTJGc3BhbiUzRSUyMCUyNmd0JTNCJTNDJTJGYSUzRQ==[\/vc_raw_html][\/vc_column][\/vc_row][vc_row full_width=&#8221;stretch_row_content&#8221;][vc_column][vc_column_text css=&#8221;.vc_custom_1575972661087{margin-bottom: 15px !important;padding-right: 3% !important;padding-left: 3% !important;}&#8221;] Imprezy [\/vc_column_text][\/vc_column][\/vc_row][vc_row full_width=&#8221;stretch_row_content&#8221; el_id=&#8221;karuzela2&#8243;][vc_column][vc_raw_html css=&#8221;.vc_custom_1576571754922{margin-bottom: 44px !important;}&#8221;]JTVCb2ZlcnRhX2dyaWRfcmZ4JTIwa2F0ZWdvcmlhX2lkJTNEJTIyNSUyMiU1RA==[\/vc_raw_html][vc_raw_html&hellip;<\/p>\n","protected":false},"author":2,"featured_media":0,"parent":0,"menu_order":10,"comment_status":"closed","ping_status":"closed","template":"","meta":{"footnotes":""},"acf":[],"_links":{"self":[{"href":"https:\/\/grawitacjapark.pl\/index.php?rest_route=\/wp\/v2\/pages\/3019"}],"collection":[{"href":"https:\/\/grawitacjapark.pl\/index.php?rest_route=\/wp\/v2\/pages"}],"about":[{"href":"https:\/\/grawitacjapark.pl\/index.php?rest_route=\/wp\/v2\/types\/page"}],"author":[{"embeddable":true,"href":"https:\/\/grawitacjapark.pl\/index.php?rest_route=\/wp\/v2\/users\/2"}],"replies":[{"embeddable":true,"href":"https:\/\/grawitacjapark.pl\/index.php?rest_route=%2Fwp%2Fv2%2Fcomments&post=3019"}],"version-history":[{"count":11,"href":"https:\/\/grawitacjapark.pl\/index.php?rest_route=\/wp\/v2\/pages\/3019\/revisions"}],"predecessor-version":[{"id":3205,"href":"https:\/\/grawitacjapark.pl\/index.php?rest_route=\/wp\/v2\/pages\/3019\/revisions\/3205"}],"wp:attachment":[{"href":"https:\/\/grawitacjapark.pl\/index.php?rest_route=%2Fwp%2Fv2%2Fmedia&parent=3019"}],"curies":[{"name":"wp","href":"https:\/\/api.w.org\/{rel}","templated":true}]}}